{"id":19143,"date":"2018-11-01T17:14:20","date_gmt":"2018-11-01T16:14:20","guid":{"rendered":"http:\/\/localhost:8888\/?page_id=19143"},"modified":"2021-07-13T13:42:25","modified_gmt":"2021-07-13T11:42:25","slug":"contact","status":"publish","type":"page","link":"https:\/\/synchronie.eu\/en\/contact","title":{"rendered":"Contact"},"content":{"rendered":"<section id=\"slider\" class=\"slider no-padding\" style=\"min-height:500px;\"><div class=\"wpb_column hcode-column-container  col-xs-mobile-fullwidth\" data-front-class=\"col-xs-mobile-fullwidth front-column-class\"><div class=\"vc-column-innner-wrapper\"><div id=\"hcode-owl-slider16\" class=\"owl-carousel owl-theme owl-half-slider owl-small-slider dot-pagination dark-pagination dark-navigation no-cursor  hcode-owl-slider16\"><div class=\"item owl-bg-img bg-image-srcset\" style=\"background-image:url(https:\/\/synchronie.eu\/wp-content\/uploads\/2018\/11\/corinne-kutz-211251-unsplash.jpg)\" data-bg-srcset=\"https:\/\/synchronie.eu\/wp-content\/uploads\/2018\/11\/corinne-kutz-211251-unsplash.jpg 2880w, https:\/\/synchronie.eu\/wp-content\/uploads\/2018\/11\/corinne-kutz-211251-unsplash-300x200.jpg 300w, https:\/\/synchronie.eu\/wp-content\/uploads\/2018\/11\/corinne-kutz-211251-unsplash-768x512.jpg 768w, https:\/\/synchronie.eu\/wp-content\/uploads\/2018\/11\/corinne-kutz-211251-unsplash-1024x683.jpg 1024w, https:\/\/synchronie.eu\/wp-content\/uploads\/2018\/11\/corinne-kutz-211251-unsplash-81x54.jpg 81w\"><div class=\"opacity-full bg-slider\"><\/div><div class=\"container position-relative\"><div class=\"slider-typography text-center\"><div class=\"slider-text-middle-main\"><div class=\"slider-text-middle padding-left-right-px animated fadeInUp\"><span class=\"owl-subtitle white-text hcode-font-setting-69f7575e3c111\">Contact us<\/span><\/div><\/div><\/div><\/div><\/div><\/div>        <script type=\"text\/javascript\">jQuery(document).ready(function () { jQuery(\"#hcode-owl-slider16\").owlCarousel({ nav: false,dots: false,autoPlay: false, autoplayHoverPause: false, loop: false, items: 1,dotsSpeed: 400,navText: [\"<i class='fas fa-angle-left'><\/i>\", \"<i class='fas fa-angle-right'><\/i>\"] }); });<\/script>\n    \t<\/div><\/div><\/section><section class=\"no-padding sm-no-padding xs-no-padding\"><div class=\"container\"><div class=\"row\"><div class=\"wpb_column hcode-column-container vc_col-sm-3 col-xs-mobile-fullwidth\" data-front-class=\"col-xs-mobile-fullwidth\"><div class=\"vc-column-innner-wrapper\"><h2>Have a question? Would you like a quote?<\/h2>\n<p style=\"font-size:16px;\">We will get back to you as soon as possible.<\/p>\n\n\t<div  class=\"wpb_single_image wpb_content_element vc_align_left  vc_custom_1626176534210\">\n\t\t\n\t\t<figure class=\"wpb_wrapper vc_figure\">\n\t\t\t<div class=\"vc_single_image-wrapper   vc_box_border_grey\"><img fetchpriority=\"high\" decoding=\"async\" width=\"1333\" height=\"2000\" src=\"https:\/\/synchronie.eu\/wp-content\/uploads\/2021\/07\/Anne-Sophie-Staquet-Synchronie.jpg\" class=\"vc_single_image-img attachment-full\" alt=\"Anne-Sophie Staquet - Synchronie\" srcset=\"https:\/\/synchronie.eu\/wp-content\/uploads\/2021\/07\/Anne-Sophie-Staquet-Synchronie.jpg 1333w, https:\/\/synchronie.eu\/wp-content\/uploads\/2021\/07\/Anne-Sophie-Staquet-Synchronie-200x300.jpg 200w, https:\/\/synchronie.eu\/wp-content\/uploads\/2021\/07\/Anne-Sophie-Staquet-Synchronie-682x1024.jpg 682w, https:\/\/synchronie.eu\/wp-content\/uploads\/2021\/07\/Anne-Sophie-Staquet-Synchronie-768x1152.jpg 768w, https:\/\/synchronie.eu\/wp-content\/uploads\/2021\/07\/Anne-Sophie-Staquet-Synchronie-1024x1536.jpg 1024w, https:\/\/synchronie.eu\/wp-content\/uploads\/2021\/07\/Anne-Sophie-Staquet-Synchronie-81x122.jpg 81w\" sizes=\"(max-width: 1333px) 100vw, 1333px\" \/><\/div>\n\t\t<\/figure>\n\t<\/div>\n<\/div><\/div><div class=\"wpb_column hcode-column-container vc_col-sm-9 col-xs-mobile-fullwidth\" data-front-class=\"col-xs-mobile-fullwidth\"><div class=\"vc-column-innner-wrapper\">\n<div class=\"wpcf7 no-js\" id=\"wpcf7-f19274-o1\" lang=\"fr-FR\" dir=\"ltr\">\n<div class=\"screen-reader-response\"><p role=\"status\" aria-live=\"polite\" aria-atomic=\"true\"><\/p> <ul><\/ul><\/div>\n<form action=\"\/en\/wp-json\/wp\/v2\/pages\/19143#wpcf7-f19274-o1\" method=\"post\" class=\"wpcf7-form init\" aria-label=\"Formulaire de contact\" novalidate=\"novalidate\" data-status=\"init\" data-trp-original-action=\"\/en\/wp-json\/wp\/v2\/pages\/19143#wpcf7-f19274-o1\">\n<div style=\"display: none;\">\n<input type=\"hidden\" name=\"_wpcf7\" value=\"19274\" \/>\n<input type=\"hidden\" name=\"_wpcf7_version\" value=\"5.8.4\" \/>\n<input type=\"hidden\" name=\"_wpcf7_locale\" value=\"fr_FR\" \/>\n<input type=\"hidden\" name=\"_wpcf7_unit_tag\" value=\"wpcf7-f19274-o1\" \/>\n<input type=\"hidden\" name=\"_wpcf7_container_post\" value=\"0\" \/>\n<input type=\"hidden\" name=\"_wpcf7_posted_data_hash\" value=\"\" \/>\n<input type=\"hidden\" name=\"_wpcf7_recaptcha_response\" value=\"\" \/>\n<\/div>\n<p><label style=\"font-size:16px\"> Votre nom et pr\u00e9nom (obligatoire)<br \/>\n<span class=\"wpcf7-form-control-wrap\" data-name=\"your-name\"><input size=\"40\" class=\"wpcf7-form-control wpcf7-text wpcf7-validates-as-required\" aria-required=\"true\" aria-invalid=\"false\" value=\"\" type=\"text\" name=\"your-name\" \/><\/span> <\/label>\n<\/p>\n<p><label style=\"font-size:16px\"> Votre adresse e-mail (obligatoire)<br \/>\n<span class=\"wpcf7-form-control-wrap\" data-name=\"your-email\"><input size=\"40\" class=\"wpcf7-form-control wpcf7-email wpcf7-validates-as-required wpcf7-text wpcf7-validates-as-email\" aria-required=\"true\" aria-invalid=\"false\" value=\"\" type=\"email\" name=\"your-email\" \/><\/span> <\/label>\n<\/p>\n<p><label style=\"font-size:16px\"> Your telephone number (mandatory)<br \/>\n<span class=\"wpcf7-form-control-wrap\" data-name=\"tel-225\"><input size=\"40\" class=\"wpcf7-form-control wpcf7-tel wpcf7-validates-as-required wpcf7-text wpcf7-validates-as-tel\" aria-required=\"true\" aria-invalid=\"false\" value=\"\" type=\"tel\" name=\"tel-225\" \/><\/span><\/label>\n<\/p>\n<p><label style=\"font-size:16px\"> Sujet de votre message (obligatoire)<br \/>\n<span class=\"wpcf7-form-control-wrap\" data-name=\"objet\"><input size=\"40\" class=\"wpcf7-form-control wpcf7-text wpcf7-validates-as-required\" aria-required=\"true\" aria-invalid=\"false\" value=\"\" type=\"text\" name=\"objet\" \/><\/span><\/label>\n<\/p>\n<p><label style=\"font-size:16px\"> Your message<br \/>\n<span class=\"wpcf7-form-control-wrap\" data-name=\"your-message\"><textarea cols=\"40\" rows=\"10\" class=\"wpcf7-form-control wpcf7-textarea\" aria-invalid=\"false\" name=\"your-message\"><\/textarea><\/span> <\/label>\n<\/p>\n<p><input class=\"wpcf7-form-control wpcf7-submit has-spinner\" type=\"submit\" value=\"Send\" \/>\n<\/p><div class=\"wpcf7-response-output\" aria-hidden=\"true\"><\/div>\n<input type=\"hidden\" name=\"trp-form-language\" value=\"en\"\/><\/form>\n<\/div>\n<\/div><\/div><\/div><\/div><\/section><section class=\"row-equal-height row-content-middle xs-display-none\"><div class=\"container\"><div class=\"row hcode-row-flex\"><div class=\"wpb_column hcode-column-container vc_col-sm-3 col-xs-mobile-fullwidth\" data-front-class=\"col-xs-mobile-fullwidth\"><div class=\"vc-column-innner-wrapper\">\n\t<div  class=\"wpb_single_image wpb_content_element vc_align_center\">\n\t\t\n\t\t<figure class=\"wpb_wrapper vc_figure\">\n\t\t\t<div class=\"vc_single_image-wrapper   vc_box_border_grey\"><img decoding=\"async\" class=\"vc_single_image-img\" src=\"https:\/\/synchronie.eu\/wp-content\/uploads\/2020\/12\/Logo_CBTI-BKVT-300x200.png\" width=\"300\" height=\"200\" alt=\"Chambre Belge des Traducteurs et Interpr\u00e8tes\" title=\"Logo_CBTI-BKVT\" \/><\/div>\n\t\t<\/figure>\n\t<\/div>\n<\/div><\/div><div class=\"wpb_column hcode-column-container vc_col-sm-3 col-xs-mobile-fullwidth\" data-front-class=\"col-xs-mobile-fullwidth\"><div class=\"vc-column-innner-wrapper\"><h3 style=\"margin-bottom: 25px; color: #065c66; font-size: 18px;\">Our services<\/h3>\n<ul style=\"list-style-type: none; font-size: 16px; padding: 0; margin: 15px 0;\">\n<li style=\"margin: 10px 0;\"><a href=\"https:\/\/synchronie.eu\/en\/translation\/\">Translation<\/a><\/li>\n<li style=\"margin: 10px 0;\"><a href=\"https:\/\/synchronie.eu\/en\/interpretation\/\">Interpretation<\/a><\/li>\n<li style=\"margin: 10px 0;\"><a href=\"https:\/\/synchronie.eu\/en\/editing-and-proofreading\/\">Editing and proofreading<\/a><\/li>\n<\/ul>\n<\/div><\/div><div class=\"wpb_column hcode-column-container vc_col-sm-3 col-xs-mobile-fullwidth\" data-front-class=\"col-xs-mobile-fullwidth\"><div class=\"vc-column-innner-wrapper\"><h3 style=\"margin-bottom: 25px; color: #065c66; font-size: 18px;\">Useful links<\/h3>\n<ul style=\"list-style-type: none; font-size: 16px; padding: 0; margin: 15px 0;\">\n<li style=\"margin: 10px 0;\"><a href=\"https:\/\/synchronie.eu\/en\/legal-notice\/\">Legal notice<\/a><\/li>\n<li style=\"margin: 10px 0;\"><a href=\"https:\/\/synchronie.eu\/en\/politique-de-confidentialite\/\">Privacy policy<\/a><\/li>\n<li style=\"margin: 10px 0;\"><a href=\"https:\/\/synchronie.eu\/en\/conditions-generales-de-vente\/\">General conditions of sale<\/a><\/li>\n<\/ul>\n<p><span data-mce-type=\"bookmark\" style=\"display: inline-block; width: 0px; overflow: hidden; line-height: 0;\" class=\"mce_SELRES_start\"><\/span><\/p>\n<\/div><\/div><div class=\"wpb_column hcode-column-container vc_col-sm-3 col-xs-mobile-fullwidth\" data-front-class=\"col-xs-mobile-fullwidth\"><div class=\"vc-column-innner-wrapper\"><ul style=\"list-style-type: none;\">\n<li><a href=\"https:\/\/www.linkedin.com\/in\/anne-sophie-staquet\/\" target=\"_blank\" rel=\"noopener\"><i class=\"fab fa-linkedin-in\" style=\"color: #065c66; font-size: 32px\"><\/i><\/a><\/li>\n<p><\/br><\/p>\n<li><a href=\"https:\/\/www.facebook.com\/Synchronie\/\" target=\"_blank\" rel=\"noopener\"><i class=\"fab fa-facebook-f\" style=\"color: #065c66; font-size: 32px\"><\/i><\/a><\/li>\n<\/ul>\n<\/div><\/div><\/div><\/div><\/section><section class=\"display-none md-display-none sm-display-none xs-display-block\"><div class=\"container\"><div class=\"row\"><div class=\"wpb_column hcode-column-container vc_col-sm-3 col-xs-mobile-fullwidth\" data-front-class=\"col-xs-mobile-fullwidth\"><div class=\"vc-column-innner-wrapper\">\n\t<div  class=\"wpb_single_image wpb_content_element vc_align_left\">\n\t\t\n\t\t<figure class=\"wpb_wrapper vc_figure\">\n\t\t\t<div class=\"vc_single_image-wrapper   vc_box_border_grey\"><img decoding=\"async\" width=\"150\" height=\"150\" src=\"https:\/\/synchronie.eu\/wp-content\/uploads\/2020\/12\/Logo_CBTI-BKVT-150x150.png\" class=\"vc_single_image-img attachment-thumbnail\" alt=\"Chambre Belge des Traducteurs et Interpr\u00e8tes\" \/><\/div>\n\t\t<\/figure>\n\t<\/div>\n<\/div><\/div><div class=\"wpb_column hcode-column-container vc_col-sm-3 col-xs-mobile-fullwidth\" data-front-class=\"col-xs-mobile-fullwidth\"><div class=\"vc-column-innner-wrapper\"><h3 style=\"margin-bottom: 25px; color: #065c66; font-size: 18px;\">Our services<\/h3>\n<ul style=\"list-style-type: none; font-size: 16px; padding: 0; margin: 15px 0;\">\n<li style=\"margin: 10px 0;\"><a href=\"https:\/\/synchronie.eu\/en\/translation\/\">Translation<\/a><\/li>\n<li style=\"margin: 10px 0;\"><a href=\"https:\/\/synchronie.eu\/en\/interpretation\/\">Interpretation<\/a><\/li>\n<li style=\"margin: 10px 0;\"><a href=\"https:\/\/synchronie.eu\/en\/editing-and-proofreading\/\">Editing and proofreading<\/a><\/li>\n<\/ul>\n<\/div><\/div><div class=\"wpb_column hcode-column-container vc_col-sm-3 col-xs-mobile-fullwidth\" data-front-class=\"col-xs-mobile-fullwidth\"><div class=\"vc-column-innner-wrapper\"><h3 style=\"margin-bottom: 25px; color: #065c66; font-size: 18px;\">Useful links<\/h3>\n<ul style=\"list-style-type: none; font-size: 16px; padding: 0; margin: 15px 0;\">\n<li style=\"margin: 10px 0;\"><a href=\"https:\/\/synchronie.eu\/en\/legal-notice\/\">Legal notice<\/a><\/li>\n<li style=\"margin: 10px 0;\"><a href=\"https:\/\/synchronie.eu\/en\/politique-de-confidentialite\/\">Privacy policy<\/a><\/li>\n<li style=\"margin: 10px 0;\"><a href=\"https:\/\/synchronie.eu\/en\/conditions-generales-de-vente\/\">General conditions of sale<\/a><\/li>\n<\/ul>\n<p><span data-mce-type=\"bookmark\" style=\"display: inline-block; width: 0px; overflow: hidden; line-height: 0;\" class=\"mce_SELRES_start\"><\/span><\/p>\n<\/div><\/div><div class=\"wpb_column hcode-column-container vc_col-sm-3 col-xs-mobile-fullwidth\" data-front-class=\"col-xs-mobile-fullwidth\"><div class=\"vc-column-innner-wrapper\"><ul style=\"list-style-type: none; padding:15px 0 ; display: flex; justify-content: flex-start; font-size: 32px;\">\n<li><a href=\"https:\/\/www.linkedin.com\/in\/anne-sophie-staquet\/\" target=\"_blank\" rel=\"noopener\"><i class=\"fab fa-linkedin-in\" style=\"color:#065c66;\"><\/i><a><\/li>\n<li><a href=\"https:\/\/www.facebook.com\/Synchronie\/\" target=\"_blank\" rel=\"noopener\"><i class=\"fab fa-facebook-f\" style=\"color:#065c66; margin: 0 20px;\"><\/i><a><\/li>\n<\/ul>\n<\/div><\/div><\/div><\/div><\/section>","protected":false},"excerpt":{"rendered":"<p>Contactez-nous Une question? Un devis? Nous vous r\u00e9pondrons sans d\u00e9lai. Votre nom et pr\u00e9nom (obligatoire) Votre adresse e-mail (obligatoire) Votre num\u00e9ro de t\u00e9l\u00e9phone (obligatoire) Sujet de votre message (obligatoire) Votre message Nos services Traduction Interpr\u00e9tation R\u00e9vision et relecture Liens utiles Mentions l\u00e9gales Politique de confidentialit\u00e9 Conditions g\u00e9n\u00e9rales de vente \ufeff Nos services Traduction Interpr\u00e9tation R\u00e9vision [&hellip;]<\/p>","protected":false},"author":2,"featured_media":0,"parent":0,"menu_order":0,"comment_status":"closed","ping_status":"closed","template":"","meta":{"footnotes":""},"_links":{"self":[{"href":"https:\/\/synchronie.eu\/en\/wp-json\/wp\/v2\/pages\/19143"}],"collection":[{"href":"https:\/\/synchronie.eu\/en\/wp-json\/wp\/v2\/pages"}],"about":[{"href":"https:\/\/synchronie.eu\/en\/wp-json\/wp\/v2\/types\/page"}],"author":[{"embeddable":true,"href":"https:\/\/synchronie.eu\/en\/wp-json\/wp\/v2\/users\/2"}],"replies":[{"embeddable":true,"href":"https:\/\/synchronie.eu\/en\/wp-json\/wp\/v2\/comments?post=19143"}],"version-history":[{"count":0,"href":"https:\/\/synchronie.eu\/en\/wp-json\/wp\/v2\/pages\/19143\/revisions"}],"wp:attachment":[{"href":"https:\/\/synchronie.eu\/en\/wp-json\/wp\/v2\/media?parent=19143"}],"curies":[{"name":"wp","href":"https:\/\/api.w.org\/{rel}","templated":true}]}}