{"id":19492,"date":"2021-01-12T21:56:40","date_gmt":"2021-01-12T20:56:40","guid":{"rendered":"https:\/\/synchronie.eu\/?page_id=19492"},"modified":"2021-06-16T17:03:52","modified_gmt":"2021-06-16T15:03:52","slug":"interpretation","status":"publish","type":"page","link":"https:\/\/synchronie.eu\/en\/interpretation","title":{"rendered":"Interpretation"},"content":{"rendered":"<section id=\"slider\" class=\"slider no-padding\" style=\"min-height:500px;\"><div class=\"wpb_column hcode-column-container  col-xs-mobile-fullwidth\" data-front-class=\"col-xs-mobile-fullwidth front-column-class\"><div class=\"vc-column-innner-wrapper\"><div id=\"hcode-owl-slider16\" class=\"owl-carousel owl-theme owl-half-slider owl-small-slider dot-pagination dark-pagination dark-navigation no-cursor  hcode-owl-slider16\"><div class=\"item owl-bg-img bg-image-srcset\" style=\"background-image:url(https:\/\/synchronie.eu\/wp-content\/uploads\/2021\/05\/20210407_083444.jpg)\" data-bg-srcset=\"https:\/\/synchronie.eu\/wp-content\/uploads\/2021\/05\/20210407_083444.jpg 3264w, https:\/\/synchronie.eu\/wp-content\/uploads\/2021\/05\/20210407_083444-300x135.jpg 300w, https:\/\/synchronie.eu\/wp-content\/uploads\/2021\/05\/20210407_083444-1024x462.jpg 1024w, https:\/\/synchronie.eu\/wp-content\/uploads\/2021\/05\/20210407_083444-768x346.jpg 768w, https:\/\/synchronie.eu\/wp-content\/uploads\/2021\/05\/20210407_083444-1536x693.jpg 1536w, https:\/\/synchronie.eu\/wp-content\/uploads\/2021\/05\/20210407_083444-2048x924.jpg 2048w, https:\/\/synchronie.eu\/wp-content\/uploads\/2021\/05\/20210407_083444-81x37.jpg 81w\"><div class=\"opacity-full bg-slider\"><\/div><div class=\"container position-relative\"><div class=\"slider-typography text-center\"><div class=\"slider-text-middle-main\"><div class=\"slider-text-middle padding-left-right-px animated fadeInUp\"><span class=\"owl-subtitle white-text\">Interpretation<\/span><span class=\"owl-title white-text center-col\"><strong>Fluency and precision in all languages<\/strong><\/span><\/div><\/div><\/div><\/div><\/div><\/div>        <script type=\"text\/javascript\">jQuery(document).ready(function () { jQuery(\"#hcode-owl-slider16\").owlCarousel({ nav: false,dots: false,autoPlay: false, autoplayHoverPause: false, loop: false, items: 1,dotsSpeed: 400,navText: [\"<i class='fas fa-angle-left'><\/i>\", \"<i class='fas fa-angle-right'><\/i>\"] }); });<\/script>\n    \t<\/div><\/div><\/section><section class=\"padding-three sm-padding-three xs-padding-three wow fadeIn\"><div class=\"container\"><div class=\"row\"><div class=\"wpb_column hcode-column-container vc_col-sm-3 col-xs-mobile-fullwidth\" data-front-class=\"col-xs-mobile-fullwidth\"><div class=\"vc-column-innner-wrapper\"><\/div><\/div><div class=\"wpb_column hcode-column-container text-center sm-text-center xs-text-center vc_col-sm-6 col-xs-mobile-fullwidth\" data-front-class=\"text-center sm-text-center xs-text-center col-xs-mobile-fullwidth\"><div class=\"vc-column-innner-wrapper\"><p style=\"font-size: 18px; text-align: left;\" class=\" translation-block\">Do you know the difference between <strong>translation<\/strong> and <strong>interpretation<\/strong>?<\/p>\n<p style=\"font-size: 18px; text-align: left;\" class=\" translation-block\">In simple terms, <strong>translation deals with the written word<\/strong> and <strong>interpretation deals with the spoken word<\/strong>. They might appear similar, but they are actually two very different jobs. Of course, both of them require excellent knowledge of foreign languages, but whereas a translator can often spend several days putting the finishing touches to a translation and researching terminology and context to find the perfect rendering of the original text, an interpreter has mere seconds to get the message across. This means that <strong> mental agility and the ability to handle stress<\/strong> are key qualities for interpreters.<\/p>\n<p style=\"font-size: 18px; text-align: left;\">So, if you are planning a meeting with people who speak a different language to you, it\u2019s an interpreter you need. And that works out well because at Synchronie that\u2019s where we excel!<\/p>\n<p style=\"font-size: 18px; text-align: left;\" class=\" translation-block\">All we need to do now is decide which <strong> interpreting mode<\/strong> is the best fit for your event.<\/p>\n<p style=\"font-size: 18px; text-align: left;\">Whether we are talking about simultaneous interpretation in booths during a congress or liaison interpretation in a more intimate setting, we have the solution. Our interpreters know their working languages and interpretation styles inside and out. We will assign you with professionals who are experienced in an array of different settings.<\/p>\n<p><img fetchpriority=\"high\" decoding=\"async\" class=\"aligncenter wp-image-19651 size-large\" src=\"https:\/\/synchronie.eu\/wp-content\/uploads\/2021\/05\/Cabines-Lille-1024x768.jpg\" alt=\"\" width=\"1024\" height=\"768\" srcset=\"https:\/\/synchronie.eu\/wp-content\/uploads\/2021\/05\/Cabines-Lille-1024x768.jpg 1024w, https:\/\/synchronie.eu\/wp-content\/uploads\/2021\/05\/Cabines-Lille-300x225.jpg 300w, https:\/\/synchronie.eu\/wp-content\/uploads\/2021\/05\/Cabines-Lille-768x576.jpg 768w, https:\/\/synchronie.eu\/wp-content\/uploads\/2021\/05\/Cabines-Lille-81x61.jpg 81w, https:\/\/synchronie.eu\/wp-content\/uploads\/2021\/05\/Cabines-Lille.jpg 1440w\" sizes=\"(max-width: 1024px) 100vw, 1024px\" \/><\/p>\n<ul>\n<li style=\"list-style-type: none;\">\n<ul>\n<li id=\"seminaire\" style=\"font-size: 18px; text-align: left;\"><strong>Seminars and congresses<br \/>\n<\/strong>For your conferences, seminars and other congresses, <strong>simultaneous interpretation<\/strong> in soundproofed booths is the solution. Interpreters translate the speakers\u2019 words instantly, and delegates hear the message translated into their language using a device fitted with earphones. Because simultaneous interpretation requires <strong>absolute concentration,<\/strong>, les <strong>interpreters work in teams<\/strong>, taking turns. The booths are soundproofed, which means, firstly, that you won\u2019t hear the interpreters if you decide you\u2019d like to follow the meeting in the original language and, secondly, that the interpreters hear pure sound without any background noise that might disturb their concentration, which ultimately results in a better performance. But, I hear you cry, what happens if there are no booths in the room where the conference is taking place? Fear not! Professional standard mobile booths are available for hire, and at Synchronie our partnerships with established service providers mean that we can take care of the technical arrangements too.<\/p>\n<ul>\n<li style=\"font-size: 18px;\">Advantage: debates flow seamlessly with direct translation of the contributions and immediate reactions. This is the most comprehensive solution.<\/li>\n<\/ul>\n<\/li>\n<\/ul>\n<\/li>\n<\/ul>\n<p>&nbsp;<\/p>\n<ul>\n<li style=\"list-style-type: none;\">\n<ul>\n<li style=\"font-size: 18px; text-align: left;\"><strong>Remote or hybrid meetings<br \/>\n<\/strong>The latest trend! The COVID-19 crisis has accelerated the development of online meetings. And we have a hunch that this trend is not set to abate any time soon. Whilst it\u2019s true that not all conferences lend themselves well to a digital format and that there is no substitute for face-to-face networking, online events can offer a practical solution for shorter meetings. They avoid precious time and energy being spent on travelling. The good news is that we now also have <strong><a href=\"#seminaire\">remote simultaneous interpreting platforms<\/a><\/strong> This allows you to enjoy the advantages of simultaneous interpretation from your office, with only a few technical tweaks required. Whether you opt for 100% remote or a hybrid format (where some participants are physically at the meeting and others dial in remotely), we have the technical solution that is best for your needs.<\/p>\n<ul>\n<li style=\"font-size: 18px;\">Advantage: practical and efficient solution for shorter meetings, without having to travel and without having to set up any equipment, thanks to the efficiency of platforms.<\/li>\n<\/ul>\n<\/li>\n<\/ul>\n<\/li>\n<\/ul>\n<p>&nbsp;<\/p>\n<ul>\n<li style=\"list-style-type: none;\">\n<ul>\n<li style=\"font-size: 18px; text-align: left;\"><strong>Site visits<br \/>\n<\/strong>Accompanying a group on a site visit is one of our favourite parts of the job! On the one hand this is because these visits are always an opportunity to learn about interesting projects and on the other hand because they give us direct contact with the people listening to us. <strong>Equipped with a headset and portable microphone system <\/strong>which make <strong>simultaneous interpretation<\/strong>possible, we can adapt to all topics and all terrains: on the factory floor or on the farm, in the city or in the country, whether in an official representation capacity or for informal meetings, <strong>we are with you at all times<\/strong> and always blend into the background, like the true chameleons we are!<\/p>\n<ul>\n<li style=\"font-size: 18px;\">Advantage: Lightweight and efficient equipment makes it possible for all participants to follow all explanations provided during the visit in real time.<\/li>\n<\/ul>\n<\/li>\n<\/ul>\n<\/li>\n<\/ul>\n<p>&nbsp;<\/p>\n<ul>\n<li style=\"list-style-type: none;\">\n<ul>\n<li style=\"font-size: 18px; text-align: left;\"><strong>Select committee meetings<br \/>\n<\/strong>When you are organising a meeting involving a small number of people who don\u2019t all speak the same language, you might consider <strong>liaison interpretation<\/strong>The interpreter is seated between the participants and translates the dialogue, speaker by speaker. This is the perfect solution for business negotiations, for example.<\/p>\n<ul>\n<li style=\"font-size: 18px;\">Advantage: the interpreter acts as a real <strong>intermediary for communication<\/strong> and can deploy their knowledge of two cultures to help get your message across perfectly.<\/li>\n<\/ul>\n<\/li>\n<\/ul>\n<\/li>\n<\/ul>\n<p><img decoding=\"async\" class=\"size-large wp-image-19678 aligncenter\" src=\"https:\/\/synchronie.eu\/wp-content\/uploads\/2021\/05\/20210407_083949-1-1024x462.jpg\" alt=\"\" width=\"1024\" height=\"462\" srcset=\"https:\/\/synchronie.eu\/wp-content\/uploads\/2021\/05\/20210407_083949-1-1024x462.jpg 1024w, https:\/\/synchronie.eu\/wp-content\/uploads\/2021\/05\/20210407_083949-1-300x135.jpg 300w, https:\/\/synchronie.eu\/wp-content\/uploads\/2021\/05\/20210407_083949-1-768x346.jpg 768w, https:\/\/synchronie.eu\/wp-content\/uploads\/2021\/05\/20210407_083949-1-1536x693.jpg 1536w, https:\/\/synchronie.eu\/wp-content\/uploads\/2021\/05\/20210407_083949-1-2048x924.jpg 2048w, https:\/\/synchronie.eu\/wp-content\/uploads\/2021\/05\/20210407_083949-1-81x37.jpg 81w\" sizes=\"(max-width: 1024px) 100vw, 1024px\" \/><\/p>\n<p style=\"font-size: 18px; text-align: left;\">Now you know what type of interpretation you need, now we can get down to brass tacks: organising it! Here too, you can rely on us to make <strong>all of the linguistic and technical arrangements<\/strong> :<\/p>\n<ul>\n<li style=\"list-style-type: none;\">\n<ul>\n<li style=\"font-size: 18px; text-align: left;\">Selection of professional interpreters with the language combinations you require;<\/li>\n<\/ul>\n<\/li>\n<\/ul>\n<ul>\n<li style=\"list-style-type: none;\">\n<ul>\n<li style=\"font-size: 18px; text-align: left;\">Hiring of the equipment needed to ensure your event runs without a hitch;<\/li>\n<\/ul>\n<\/li>\n<\/ul>\n<ul>\n<li style=\"list-style-type: none;\">\n<ul>\n<li style=\"font-size: 18px; text-align: left;\">Translation of meeting documents: from the invitation to the meeting minutes, stopping off at the agenda, PowerPoint presentations and even the website. <i>(Insider tip: don\u2019t forget to send any preparatory documents to the interpreters, this gives their performance even more of a boost!);<\/i><\/li>\n<\/ul>\n<\/li>\n<\/ul>\n<ul>\n<li style=\"list-style-type: none;\">\n<ul>\n<li style=\"font-size: 18px; text-align: left;\">Management of the team and coordination between all service providers.<\/li>\n<\/ul>\n<\/li>\n<\/ul>\n<p>&nbsp;<\/p>\n<p style=\"font-size: 18px; text-align: left;\">And all of this, with <strong>one contact person at the helm<\/strong> who is only too happy to offer advice at every step of the way so that your event will be a resounding success. Share your project with us and let us do the hard work for you!<\/p>\n<\/div><\/div><div class=\"wpb_column hcode-column-container vc_col-sm-3 col-xs-mobile-fullwidth\" data-front-class=\"col-xs-mobile-fullwidth\"><div class=\"vc-column-innner-wrapper\"><\/div><\/div><\/div><\/div><\/section><section class=\"padding-five sm-padding-five xs-padding-five\"><div class=\"container\"><div class=\"row\"><div class=\"wpb_column hcode-column-container vc_col-sm-4 col-xs-mobile-fullwidth\" data-front-class=\"col-xs-mobile-fullwidth\"><div class=\"vc-column-innner-wrapper\"><div  class=\"col-md-12 no-padding\"><div class=\"col-md-3 col-sm-2 col-xs-2 no-padding\"><i class=\"fas fa-align-left large-icon\" style=\"color:#83ccb3;\"><\/i><\/div><div class=\"col-md-9 col-sm-9 col-xs-9 no-padding text-left f-right\"><h5 class=\"no-padding sm-no-padding xs-no-padding hcode-font-setting-69d25dfdca4d4\">Consecutive interpretation<\/h5><div class=\"separator-line bg-yellow no-margin-lr\" style=\"background:#83ccb3;\"><\/div><p style=\"font-size: 16px;\">The interpreter takes notes during the speech, then renders the message in the other language.<\/p>\n<\/div><\/div><\/div><\/div><div class=\"wpb_column hcode-column-container vc_col-sm-4 col-xs-mobile-fullwidth\" data-front-class=\"col-xs-mobile-fullwidth\"><div class=\"vc-column-innner-wrapper\"><div  class=\"col-md-12 no-padding\"><div class=\"col-md-3 col-sm-2 col-xs-2 no-padding\"><i class=\"fas fa-retweet large-icon\" style=\"color:#83ccb3;\"><\/i><\/div><div class=\"col-md-9 col-sm-9 col-xs-9 no-padding text-left f-right\"><h5 class=\"no-padding sm-no-padding xs-no-padding hcode-font-setting-69d25dfdca5fd\">Simultaneous interpretation<\/h5><div class=\"separator-line bg-yellow no-margin-lr\" style=\"background:#83ccb3;\"><\/div><p style=\"font-size: 16px;\">In person or remotely, the interpreters translate whilst the speaker is speaking.<\/p>\n<\/div><\/div><\/div><\/div><div class=\"wpb_column hcode-column-container vc_col-sm-4 col-xs-mobile-fullwidth\" data-front-class=\"col-xs-mobile-fullwidth\"><div class=\"vc-column-innner-wrapper\"><div  class=\"col-md-12 no-padding\"><div class=\"col-md-3 col-sm-2 col-xs-2 no-padding\"><i class=\"fas fa-users large-icon\" style=\"color:#83ccb3;\"><\/i><\/div><div class=\"col-md-9 col-sm-9 col-xs-9 no-padding text-left f-right\"><h5 class=\"no-padding sm-no-padding xs-no-padding hcode-font-setting-69d25dfdca6b6\">Liaison interpretation<\/h5><div class=\"separator-line bg-yellow no-margin-lr\" style=\"background:#83ccb3;\"><\/div><p style=\"font-size: 16px;\"><span style=\"font-weight: 400;\">The interpreter acts as a communication intermediary and translates speaker by speaker.<\/span><\/p>\n<\/div><\/div><\/div><\/div><\/div><\/div><\/section><section><div class=\"container\"><div class=\"row\"><div class=\"wpb_column hcode-column-container vc_col-sm-3 col-xs-mobile-fullwidth\" data-front-class=\"col-xs-mobile-fullwidth\"><div class=\"vc-column-innner-wrapper\"><h2>Have a question? Would you like a quote?<\/h2>\n<p>We will get back to you as soon as possible.<\/p>\n<\/div><\/div><div class=\"wpb_column hcode-column-container full-screen vc_col-sm-9 col-xs-mobile-fullwidth\" data-front-class=\"full-screen col-xs-mobile-fullwidth\"><div class=\"vc-column-innner-wrapper\">\n<div class=\"wpcf7 no-js\" id=\"wpcf7-f19274-o1\" lang=\"fr-FR\" dir=\"ltr\">\n<div class=\"screen-reader-response\"><p role=\"status\" aria-live=\"polite\" aria-atomic=\"true\"><\/p> <ul><\/ul><\/div>\n<form action=\"\/en\/wp-json\/wp\/v2\/pages\/19492#wpcf7-f19274-o1\" method=\"post\" class=\"wpcf7-form init\" aria-label=\"Formulaire de contact\" novalidate=\"novalidate\" data-status=\"init\" data-trp-original-action=\"\/en\/wp-json\/wp\/v2\/pages\/19492#wpcf7-f19274-o1\">\n<div style=\"display: none;\">\n<input type=\"hidden\" name=\"_wpcf7\" value=\"19274\" \/>\n<input type=\"hidden\" name=\"_wpcf7_version\" value=\"5.8.4\" \/>\n<input type=\"hidden\" name=\"_wpcf7_locale\" value=\"fr_FR\" \/>\n<input type=\"hidden\" name=\"_wpcf7_unit_tag\" value=\"wpcf7-f19274-o1\" \/>\n<input type=\"hidden\" name=\"_wpcf7_container_post\" value=\"0\" \/>\n<input type=\"hidden\" name=\"_wpcf7_posted_data_hash\" value=\"\" \/>\n<input type=\"hidden\" name=\"_wpcf7_recaptcha_response\" value=\"\" \/>\n<\/div>\n<p><label style=\"font-size:16px\"> Votre nom et pr\u00e9nom (obligatoire)<br \/>\n<span class=\"wpcf7-form-control-wrap\" data-name=\"your-name\"><input size=\"40\" class=\"wpcf7-form-control wpcf7-text wpcf7-validates-as-required\" aria-required=\"true\" aria-invalid=\"false\" value=\"\" type=\"text\" name=\"your-name\" \/><\/span> <\/label>\n<\/p>\n<p><label style=\"font-size:16px\"> Votre adresse e-mail (obligatoire)<br \/>\n<span class=\"wpcf7-form-control-wrap\" data-name=\"your-email\"><input size=\"40\" class=\"wpcf7-form-control wpcf7-email wpcf7-validates-as-required wpcf7-text wpcf7-validates-as-email\" aria-required=\"true\" aria-invalid=\"false\" value=\"\" type=\"email\" name=\"your-email\" \/><\/span> <\/label>\n<\/p>\n<p><label style=\"font-size:16px\"> Your telephone number (mandatory)<br \/>\n<span class=\"wpcf7-form-control-wrap\" data-name=\"tel-225\"><input size=\"40\" class=\"wpcf7-form-control wpcf7-tel wpcf7-validates-as-required wpcf7-text wpcf7-validates-as-tel\" aria-required=\"true\" aria-invalid=\"false\" value=\"\" type=\"tel\" name=\"tel-225\" \/><\/span><\/label>\n<\/p>\n<p><label style=\"font-size:16px\"> Sujet de votre message (obligatoire)<br \/>\n<span class=\"wpcf7-form-control-wrap\" data-name=\"objet\"><input size=\"40\" class=\"wpcf7-form-control wpcf7-text wpcf7-validates-as-required\" aria-required=\"true\" aria-invalid=\"false\" value=\"\" type=\"text\" name=\"objet\" \/><\/span><\/label>\n<\/p>\n<p><label style=\"font-size:16px\"> Your message<br \/>\n<span class=\"wpcf7-form-control-wrap\" data-name=\"your-message\"><textarea cols=\"40\" rows=\"10\" class=\"wpcf7-form-control wpcf7-textarea\" aria-invalid=\"false\" name=\"your-message\"><\/textarea><\/span> <\/label>\n<\/p>\n<p><input class=\"wpcf7-form-control wpcf7-submit has-spinner\" type=\"submit\" value=\"Send\" \/>\n<\/p><div class=\"wpcf7-response-output\" aria-hidden=\"true\"><\/div>\n<input type=\"hidden\" name=\"trp-form-language\" value=\"en\"\/><\/form>\n<\/div>\n<\/div><\/div><\/div><\/div><\/section><section class=\"row-equal-height row-content-middle xs-display-none\"><div class=\"container\"><div class=\"row hcode-row-flex\"><div class=\"wpb_column hcode-column-container vc_col-sm-3 col-xs-mobile-fullwidth\" data-front-class=\"col-xs-mobile-fullwidth\"><div class=\"vc-column-innner-wrapper\">\n\t<div  class=\"wpb_single_image wpb_content_element vc_align_center\">\n\t\t\n\t\t<figure class=\"wpb_wrapper vc_figure\">\n\t\t\t<div class=\"vc_single_image-wrapper   vc_box_border_grey\"><img decoding=\"async\" class=\"vc_single_image-img\" src=\"https:\/\/synchronie.eu\/wp-content\/uploads\/2020\/12\/Logo_CBTI-BKVT-300x200.png\" width=\"300\" height=\"200\" alt=\"Chambre Belge des Traducteurs et Interpr\u00e8tes\" title=\"Logo_CBTI-BKVT\" \/><\/div>\n\t\t<\/figure>\n\t<\/div>\n<\/div><\/div><div class=\"wpb_column hcode-column-container vc_col-sm-3 col-xs-mobile-fullwidth\" data-front-class=\"col-xs-mobile-fullwidth\"><div class=\"vc-column-innner-wrapper\"><h3 style=\"margin-bottom: 25px; color: #065c66; font-size: 18px;\">Our services<\/h3>\n<ul style=\"list-style-type: none; font-size: 16px; padding: 0; margin: 15px 0;\">\n<li style=\"margin: 10px 0;\"><a href=\"https:\/\/synchronie.eu\/en\/translation\/\">Translation<\/a><\/li>\n<li style=\"margin: 10px 0;\"><a href=\"https:\/\/synchronie.eu\/en\/interpretation\/\">Interpretation<\/a><\/li>\n<li style=\"margin: 10px 0;\"><a href=\"https:\/\/synchronie.eu\/en\/editing-and-proofreading\/\">Editing and proofreading<\/a><\/li>\n<\/ul>\n<\/div><\/div><div class=\"wpb_column hcode-column-container vc_col-sm-3 col-xs-mobile-fullwidth\" data-front-class=\"col-xs-mobile-fullwidth\"><div class=\"vc-column-innner-wrapper\"><h3 style=\"margin-bottom: 25px; color: #065c66; font-size: 18px;\">Useful links<\/h3>\n<ul style=\"list-style-type: none; font-size: 16px; padding: 0; margin: 15px 0;\">\n<li style=\"margin: 10px 0;\"><a href=\"https:\/\/synchronie.eu\/en\/legal-notice\/\">Legal notice<\/a><\/li>\n<li style=\"margin: 10px 0;\"><a href=\"https:\/\/synchronie.eu\/en\/politique-de-confidentialite\/\">Privacy policy<\/a><\/li>\n<li style=\"margin: 10px 0;\"><a href=\"https:\/\/synchronie.eu\/en\/conditions-generales-de-vente\/\">General conditions of sale<\/a><\/li>\n<\/ul>\n<\/div><\/div><div class=\"wpb_column hcode-column-container vc_col-sm-3 col-xs-mobile-fullwidth\" data-front-class=\"col-xs-mobile-fullwidth\"><div class=\"vc-column-innner-wrapper\"><ul style=\"list-style-type: none;\">\n<li><a href=\"https:\/\/www.linkedin.com\/in\/anne-sophie-staquet\/\" target=\"_blank\" rel=\"noopener\"><i class=\"fab fa-linkedin-in\" style=\"color: #065c66; font-size: 32px\"><\/i><\/a><\/li>\n<p><\/br><\/p>\n<li><a href=\"https:\/\/www.facebook.com\/Synchronie\/\" target=\"_blank\" rel=\"noopener\"><i class=\"fab fa-facebook-f\" style=\"color: #065c66; font-size: 32px\"><\/i><\/a><\/li>\n<\/ul>\n<\/div><\/div><\/div><\/div><\/section><section class=\"display-none md-display-none sm-display-none xs-display-block\"><div class=\"container\"><div class=\"row\"><div class=\"wpb_column hcode-column-container vc_col-sm-3 col-xs-mobile-fullwidth\" data-front-class=\"col-xs-mobile-fullwidth\"><div class=\"vc-column-innner-wrapper\">\n\t<div  class=\"wpb_single_image wpb_content_element vc_align_left\">\n\t\t\n\t\t<figure class=\"wpb_wrapper vc_figure\">\n\t\t\t<div class=\"vc_single_image-wrapper   vc_box_border_grey\"><img loading=\"lazy\" decoding=\"async\" width=\"150\" height=\"150\" src=\"https:\/\/synchronie.eu\/wp-content\/uploads\/2020\/12\/Logo_CBTI-BKVT-150x150.png\" class=\"vc_single_image-img attachment-thumbnail\" alt=\"Chambre Belge des Traducteurs et Interpr\u00e8tes\" \/><\/div>\n\t\t<\/figure>\n\t<\/div>\n<\/div><\/div><div class=\"wpb_column hcode-column-container vc_col-sm-3 col-xs-mobile-fullwidth\" data-front-class=\"col-xs-mobile-fullwidth\"><div class=\"vc-column-innner-wrapper\"><h3 style=\"margin-bottom: 25px; color: #065c66; font-size: 18px;\">Our services<\/h3>\n<ul style=\"list-style-type: none; font-size: 16px; padding: 0; margin: 15px 0;\">\n<li style=\"margin: 10px 0;\"><a href=\"https:\/\/synchronie.eu\/en\/translation\/\">Translation<\/a><\/li>\n<li style=\"margin: 10px 0;\"><a href=\"https:\/\/synchronie.eu\/en\/interpretation\/\">Interpretation<\/a><\/li>\n<li style=\"margin: 10px 0;\"><a href=\"https:\/\/synchronie.eu\/en\/editing-and-proofreading\/\">Editing and proofreading<\/a><\/li>\n<\/ul>\n<\/div><\/div><div class=\"wpb_column hcode-column-container vc_col-sm-3 col-xs-mobile-fullwidth\" data-front-class=\"col-xs-mobile-fullwidth\"><div class=\"vc-column-innner-wrapper\"><h3 style=\"margin-bottom: 25px; color: #065c66; font-size: 18px;\">Useful links<\/h3>\n<ul style=\"list-style-type: none; font-size: 16px; padding: 0; margin: 15px 0;\">\n<li style=\"margin: 10px 0;\"><a href=\"https:\/\/synchronie.eu\/en\/legal-notice\/\">Legal notice<\/a><\/li>\n<li style=\"margin: 10px 0;\"><a href=\"https:\/\/synchronie.eu\/en\/politique-de-confidentialite\/\">Privacy policy<\/a><\/li>\n<li style=\"margin: 10px 0;\"><a href=\"https:\/\/synchronie.eu\/en\/conditions-generales-de-vente\/\">General conditions of sale<\/a><\/li>\n<\/ul>\n<\/div><\/div><div class=\"wpb_column hcode-column-container vc_col-sm-3 col-xs-mobile-fullwidth\" data-front-class=\"col-xs-mobile-fullwidth\"><div class=\"vc-column-innner-wrapper\"><ul style=\"list-style-type: none; padding:15px 0 ; display: flex; justify-content: flex-start; font-size: 32px;\">\n<li><a href=\"https:\/\/www.linkedin.com\/in\/anne-sophie-staquet\/\" target=\"_blank\" rel=\"noopener\"><i class=\"fab fa-linkedin-in\" style=\"color:#065c66;\"><\/i><a><\/li>\n<li><a href=\"https:\/\/www.facebook.com\/Synchronie\/\" target=\"_blank\" rel=\"noopener\"><i class=\"fab fa-facebook-f\" style=\"color:#065c66; margin: 0 20px;\"><\/i><a><\/li>\n<\/ul>\n<\/div><\/div><\/div><\/div><\/section>","protected":false},"excerpt":{"rendered":"<p>Interpr\u00e9tationFluidit\u00e9 et pr\u00e9cision, dans toutes les langues Connaissez-vous la diff\u00e9rence entre traduction et interpr\u00e9tation ? La traduction se rapporte \u00e0 l\u2019\u00e9crit et l\u2019interpr\u00e9tation \u00e0 l\u2019oral, tout simplement. S\u2019ils paraissent similaires, ces deux m\u00e9tiers sont pourtant bien diff\u00e9rents. Certes, la ma\u00eetrise de langues \u00e9trang\u00e8res en est la base, mais l\u00e0 o\u00f9 le traducteur a souvent quelques [&hellip;]<\/p>","protected":false},"author":2,"featured_media":19292,"parent":0,"menu_order":0,"comment_status":"closed","ping_status":"closed","template":"","meta":{"footnotes":""},"_links":{"self":[{"href":"https:\/\/synchronie.eu\/en\/wp-json\/wp\/v2\/pages\/19492"}],"collection":[{"href":"https:\/\/synchronie.eu\/en\/wp-json\/wp\/v2\/pages"}],"about":[{"href":"https:\/\/synchronie.eu\/en\/wp-json\/wp\/v2\/types\/page"}],"author":[{"embeddable":true,"href":"https:\/\/synchronie.eu\/en\/wp-json\/wp\/v2\/users\/2"}],"replies":[{"embeddable":true,"href":"https:\/\/synchronie.eu\/en\/wp-json\/wp\/v2\/comments?post=19492"}],"version-history":[{"count":0,"href":"https:\/\/synchronie.eu\/en\/wp-json\/wp\/v2\/pages\/19492\/revisions"}],"wp:featuredmedia":[{"embeddable":true,"href":"https:\/\/synchronie.eu\/en\/wp-json\/wp\/v2\/media\/19292"}],"wp:attachment":[{"href":"https:\/\/synchronie.eu\/en\/wp-json\/wp\/v2\/media?parent=19492"}],"curies":[{"name":"wp","href":"https:\/\/api.w.org\/{rel}","templated":true}]}}