{"id":19504,"date":"2021-01-14T14:28:30","date_gmt":"2021-01-14T13:28:30","guid":{"rendered":"https:\/\/synchronie.eu\/?page_id=19504"},"modified":"2021-08-27T18:13:19","modified_gmt":"2021-08-27T16:13:19","slug":"traduction","status":"publish","type":"page","link":"https:\/\/synchronie.eu\/en\/translation","title":{"rendered":"Translation"},"content":{"rendered":"<section id=\"slider\" class=\"slider no-padding\" style=\"min-height:500px;\"><div class=\"wpb_column hcode-column-container  col-xs-mobile-fullwidth\" data-front-class=\"col-xs-mobile-fullwidth front-column-class\"><div class=\"vc-column-innner-wrapper\"><div id=\"hcode-owl-slider16\" class=\"owl-carousel owl-theme owl-half-slider owl-small-slider dot-pagination dark-pagination dark-navigation no-cursor  hcode-owl-slider16\"><div class=\"item owl-bg-img bg-image-srcset\" style=\"background-image:url(https:\/\/synchronie.eu\/wp-content\/uploads\/2019\/02\/03.jpg)\" data-bg-srcset=\"https:\/\/synchronie.eu\/wp-content\/uploads\/2019\/02\/03.jpg 1200w, https:\/\/synchronie.eu\/wp-content\/uploads\/2019\/02\/03-300x189.jpg 300w, https:\/\/synchronie.eu\/wp-content\/uploads\/2019\/02\/03-768x484.jpg 768w, https:\/\/synchronie.eu\/wp-content\/uploads\/2019\/02\/03-1024x645.jpg 1024w, https:\/\/synchronie.eu\/wp-content\/uploads\/2019\/02\/03-133x83.jpg 133w, https:\/\/synchronie.eu\/wp-content\/uploads\/2019\/02\/03-81x51.jpg 81w\"><div class=\"opacity-full bg-slider\"><\/div><div class=\"container position-relative\"><div class=\"slider-typography text-center\"><div class=\"slider-text-middle-main\"><div class=\"slider-text-middle padding-left-right-px animated fadeInUp\"><span class=\"owl-subtitle white-text\">Translation<\/span><span class=\"owl-title white-text center-col\"><strong>Your message, accurate in all languages.<\/strong><\/span><\/div><\/div><\/div><\/div><\/div><\/div>        <script type=\"text\/javascript\">jQuery(document).ready(function () { jQuery(\"#hcode-owl-slider16\").owlCarousel({ nav: false,dots: false,autoPlay: false, autoplayHoverPause: false, loop: false, items: 1,dotsSpeed: 400,navText: [\"<i class='fas fa-angle-left'><\/i>\", \"<i class='fas fa-angle-right'><\/i>\"] }); });<\/script>\n    \t<\/div><\/div><\/section><section class=\"padding-three sm-padding-three xs-padding-three wow fadeIn\"><div class=\"container\"><div class=\"row\"><div class=\"wpb_column hcode-column-container vc_col-sm-3 col-xs-mobile-fullwidth\" data-front-class=\"col-xs-mobile-fullwidth\"><div class=\"vc-column-innner-wrapper\"><\/div><\/div><div class=\"wpb_column hcode-column-container text-center sm-text-center xs-text-center vc_col-sm-6 col-xs-mobile-fullwidth\" data-front-class=\"text-center sm-text-center xs-text-center col-xs-mobile-fullwidth\"><div class=\"vc-column-innner-wrapper\"><p style=\"text-align: left; font-size: 18px;\" class=\" translation-block\">Have you ever wondered how to spot a <strong>good translation<\/strong>?<\/p>\n<p style=\"text-align: left; font-size: 18px;\">It\u2019s actually quite simple: reading it should feel as though the text was originally written in the target language.<\/p>\n<p style=\"text-align: left; font-size: 18px;\">Here are the <strong> 3 qualities <\/strong> that any good translator should possess:<\/p>\n<ul>\n<li style=\"list-style-type: none;\">\n<ul>\n<li style=\"text-align: left; font-size: 18px;\">Be a <strong>professional<\/strong> translator. This may appear glaringly obvious but you would be surprised! How many times have you heard, \u201cI\u2019ll get my cousin to do this, she spent two months in England.\u201d? Here\u2019s the rub: speaking a language and translating it are not the same thing! Translation is a <strong>profession,<\/strong>requiring years of <strong> study <\/strong> and <strong>experience<\/strong>, <strong>continuous training<\/strong> and <strong>expertise in the use of the latest linguistic and IT applications.<\/strong> Like any profession, translation has a <strong>code of ethics<\/strong>, covering <strong>professional secrecy<\/strong>in particular. This gives you the assurance that your documents will be handled with complete <strong>confidentiality<\/strong> by professionals possessing skill and integrity.<\/li>\n<\/ul>\n<\/li>\n<\/ul>\n<p>&nbsp;<\/p>\n<ul>\n<li style=\"list-style-type: none;\">\n<ul>\n<li style=\"text-align: left; font-size: 18px;\">Being a <strong>native speaker<\/strong> of the target language. You can study a foreign language right down to the finest details, but our <strong>mother tongue<\/strong> is and will always be the one we are best at, the one we speak the most fluently and in which we are able to discern the tiniest <strong>subtleties.<\/strong>And that is exactly what you need to ensure that your message is conveyed with the level of <strong>precision<\/strong> required, as if it had been originally written in the language of the translation.<\/li>\n<\/ul>\n<\/li>\n<\/ul>\n<p>&nbsp;<\/p>\n<ul>\n<li style=\"list-style-type: none;\">\n<ul>\n<li style=\"text-align: left; font-size: 18px;\">Being a <strong>specialist in your area<\/strong> of activity, because we can only translate something properly if we understand it. Corporate communications; international, European, federal or regional relations; legal, political, economic, commercial affairs; environment and climate; health (medical\/paramedical); the media, social networks and copyright; lifestyle; NGOs and development cooperation are just some of our areas of expertise. Don\u2019t see yours on the list? Ask away! Our <strong>network<\/strong> is vast. Whatever your domain, we are sure to have the right <strong>professional<\/strong> for you.<\/li>\n<\/ul>\n<\/li>\n<\/ul>\n<p>&nbsp;<\/p>\n<p style=\"text-align: left; font-size: 18px;\">Is that all? No, of course not! Whilst a <strong>good translation<\/strong> mainly comes down to choosing the right translator, the process can be broken down into <strong>3 stages<\/strong> :<\/p>\n<ol>\n<li style=\"list-style-type: none;\">\n<ol>\n<li style=\"text-align: left; font-size: 18px;\" class=\" translation-block\">Having the <strong>source document edited<\/strong> by a linguist possessing the 3 qualities described above. A good quality original guarantees a good quality translation too. We also revise, with your agreement of course, your source document to hunt down every single <strong>typo<\/strong>. For more information on this step, see <a href=\"https:\/\/synchronie.eu\/revision-et-relecture\" target=\"_self\">here<\/a>.<\/li>\n<p>&nbsp;<\/p>\n<li style=\"text-align: left; font-size: 18px;\">The <strong style=\"font-size: 16px;\">translation<\/strong><span style=\"font-size: 16px;\"> itself, by a <\/span><strong style=\"font-size: 16px;\">translator <\/strong><span style=\"font-size: 16px;\"> who possesses the three qualities described above: native speaker, translation expert, specialist in your field. Every day we translate into and out of the main European languages (French, Dutch, English, German, Spanish, Italian, Portuguese, Danish\u2026) but try running an unusual combination by us: we enjoy a challenge!<\/span><\/li>\n<p>&nbsp;<\/p>\n<li style=\"text-align: left; font-size: 18px;\">The <strong style=\"font-size: 16px;\">translation is revised<\/strong><span style=\"font-size: 16px;\"> by a second linguist who will ensure that the style <\/span><strong style=\"font-size: 16px;\">flows,<\/strong><span style=\"font-size: 16px;\"> will pick out any typos and any possible minor errors. Because no one is infallible, but your communications have to be flawless, this two-stage approval of the text offers you a <\/span><strong style=\"font-size: 16px;\">seal of quality<\/strong><span style=\"font-size: 16px;\"> !<\/span><\/li>\n<\/ol>\n<\/li>\n<\/ol>\n<p>&nbsp;<\/p>\n<p style=\"text-align: left; font-size: 18px;\">All of this is facilitated by use <strong>of cutting-edge IT applications<\/strong>. We are not talking here about automatic translation software but about <strong>translation memories<\/strong> which store previous translations and produce them when the same segments of text come up in a later translation. This ensures the consistent use of style and terminology across all of your documents.<\/p>\n<p style=\"text-align: left; font-size: 18px;\" class=\" translation-block\">And as a <strong>bonus<\/strong>, you have a <strong>single point of contact<\/strong> when managing your project from the initial contact through to the aftersales service. You benefit from perfect knowledge of your dossier as well as solid experience in the translation sector. Don\u2019t hesitate to send us details of your project; we would be more than happy to discuss it with you!<\/p>\n<\/div><\/div><div class=\"wpb_column hcode-column-container vc_col-sm-3 col-xs-mobile-fullwidth\" data-front-class=\"col-xs-mobile-fullwidth\"><div class=\"vc-column-innner-wrapper\"><\/div><\/div><\/div><\/div><\/section><section class=\"padding-five sm-padding-five xs-padding-five\"><div class=\"container\"><div class=\"row\"><div class=\"wpb_column hcode-column-container vc_col-sm-4 col-xs-mobile-fullwidth\" data-front-class=\"col-xs-mobile-fullwidth\"><div class=\"vc-column-innner-wrapper\"><div  class=\"col-md-12 no-padding\"><div class=\"col-md-3 col-sm-2 col-xs-2 no-padding\"><i class=\"fas fa-users large-icon\" style=\"color:#83ccb3;\"><\/i><\/div><div class=\"col-md-9 col-sm-9 col-xs-9 no-padding text-left f-right\"><h5 class=\"no-padding sm-no-padding xs-no-padding hcode-font-setting-69d28d14064e0\">Our team<\/h5><div class=\"separator-line bg-yellow no-margin-lr\" style=\"background:#83ccb3;\"><\/div><p style=\"font-size: 18px;\">Professional, experienced translators working only into their mother tongue, with complete respect for the confidentiality of your data.<\/p>\n<\/div><\/div><\/div><\/div><div class=\"wpb_column hcode-column-container vc_col-sm-4 col-xs-mobile-fullwidth\" data-front-class=\"col-xs-mobile-fullwidth\"><div class=\"vc-column-innner-wrapper\"><div  class=\"col-md-12 no-padding\"><div class=\"col-md-3 col-sm-2 col-xs-2 no-padding\"><i class=\"fas fa-cogs large-icon\" style=\"color:#83ccb3;\"><\/i><\/div><div class=\"col-md-9 col-sm-9 col-xs-9 no-padding text-left f-right\"><h5 class=\"no-padding sm-no-padding xs-no-padding hcode-font-setting-69d28d14065d8\">Management of your projects<\/h5><div class=\"separator-line bg-yellow no-margin-lr\" style=\"background:#83ccb3;\"><\/div><p style=\"font-size: 18px;\">A single project manager who oversees the coordination of the different stages, makes sure deadlines are respected and ensures your documents are treated with the utmost confidentiality throughout.<\/p>\n<\/div><\/div><\/div><\/div><div class=\"wpb_column hcode-column-container vc_col-sm-4 col-xs-mobile-fullwidth\" data-front-class=\"col-xs-mobile-fullwidth\"><div class=\"vc-column-innner-wrapper\"><div  class=\"col-md-12 no-padding\"><div class=\"col-md-3 col-sm-2 col-xs-2 no-padding\"><i class=\"fas fa-wrench large-icon\" style=\"color:#83ccb3;\"><\/i><\/div><div class=\"col-md-9 col-sm-9 col-xs-9 no-padding text-left f-right\"><h5 class=\"no-padding sm-no-padding xs-no-padding hcode-font-setting-69d28d1406658\">Our tools<\/h5><div class=\"separator-line bg-yellow no-margin-lr\" style=\"background:#83ccb3;\"><\/div><p style=\"font-size: 18px\" class=\" translation-block\">Cutting-edge translation software to guarantee consistent terminology and style across your texts.<\/p>\n<\/div><\/div><\/div><\/div><\/div><\/div><\/section><section><div class=\"container\"><div class=\"row\"><div class=\"wpb_column hcode-column-container vc_col-sm-3 col-xs-mobile-fullwidth\" data-front-class=\"col-xs-mobile-fullwidth\"><div class=\"vc-column-innner-wrapper\"><h2>Have a question? Would you like a quote?<\/h2>\n<p>We will get back to you as soon as possible.<\/p>\n<\/div><\/div><div class=\"wpb_column hcode-column-container full-screen vc_col-sm-9 col-xs-mobile-fullwidth\" data-front-class=\"full-screen col-xs-mobile-fullwidth\"><div class=\"vc-column-innner-wrapper\">\n<div class=\"wpcf7 no-js\" id=\"wpcf7-f19274-o1\" lang=\"fr-FR\" dir=\"ltr\">\n<div class=\"screen-reader-response\"><p role=\"status\" aria-live=\"polite\" aria-atomic=\"true\"><\/p> <ul><\/ul><\/div>\n<form action=\"\/en\/wp-json\/wp\/v2\/pages\/19504#wpcf7-f19274-o1\" method=\"post\" class=\"wpcf7-form init\" aria-label=\"Formulaire de contact\" novalidate=\"novalidate\" data-status=\"init\" data-trp-original-action=\"\/en\/wp-json\/wp\/v2\/pages\/19504#wpcf7-f19274-o1\">\n<div style=\"display: none;\">\n<input type=\"hidden\" name=\"_wpcf7\" value=\"19274\" \/>\n<input type=\"hidden\" name=\"_wpcf7_version\" value=\"5.8.4\" \/>\n<input type=\"hidden\" name=\"_wpcf7_locale\" value=\"fr_FR\" \/>\n<input type=\"hidden\" name=\"_wpcf7_unit_tag\" value=\"wpcf7-f19274-o1\" \/>\n<input type=\"hidden\" name=\"_wpcf7_container_post\" value=\"0\" \/>\n<input type=\"hidden\" name=\"_wpcf7_posted_data_hash\" value=\"\" \/>\n<input type=\"hidden\" name=\"_wpcf7_recaptcha_response\" value=\"\" \/>\n<\/div>\n<p><label style=\"font-size:16px\"> Votre nom et pr\u00e9nom (obligatoire)<br \/>\n<span class=\"wpcf7-form-control-wrap\" data-name=\"your-name\"><input size=\"40\" class=\"wpcf7-form-control wpcf7-text wpcf7-validates-as-required\" aria-required=\"true\" aria-invalid=\"false\" value=\"\" type=\"text\" name=\"your-name\" \/><\/span> <\/label>\n<\/p>\n<p><label style=\"font-size:16px\"> Votre adresse e-mail (obligatoire)<br \/>\n<span class=\"wpcf7-form-control-wrap\" data-name=\"your-email\"><input size=\"40\" class=\"wpcf7-form-control wpcf7-email wpcf7-validates-as-required wpcf7-text wpcf7-validates-as-email\" aria-required=\"true\" aria-invalid=\"false\" value=\"\" type=\"email\" name=\"your-email\" \/><\/span> <\/label>\n<\/p>\n<p><label style=\"font-size:16px\"> Your telephone number (mandatory)<br \/>\n<span class=\"wpcf7-form-control-wrap\" data-name=\"tel-225\"><input size=\"40\" class=\"wpcf7-form-control wpcf7-tel wpcf7-validates-as-required wpcf7-text wpcf7-validates-as-tel\" aria-required=\"true\" aria-invalid=\"false\" value=\"\" type=\"tel\" name=\"tel-225\" \/><\/span><\/label>\n<\/p>\n<p><label style=\"font-size:16px\"> Sujet de votre message (obligatoire)<br \/>\n<span class=\"wpcf7-form-control-wrap\" data-name=\"objet\"><input size=\"40\" class=\"wpcf7-form-control wpcf7-text wpcf7-validates-as-required\" aria-required=\"true\" aria-invalid=\"false\" value=\"\" type=\"text\" name=\"objet\" \/><\/span><\/label>\n<\/p>\n<p><label style=\"font-size:16px\"> Your message<br \/>\n<span class=\"wpcf7-form-control-wrap\" data-name=\"your-message\"><textarea cols=\"40\" rows=\"10\" class=\"wpcf7-form-control wpcf7-textarea\" aria-invalid=\"false\" name=\"your-message\"><\/textarea><\/span> <\/label>\n<\/p>\n<p><input class=\"wpcf7-form-control wpcf7-submit has-spinner\" type=\"submit\" value=\"Send\" \/>\n<\/p><div class=\"wpcf7-response-output\" aria-hidden=\"true\"><\/div>\n<input type=\"hidden\" name=\"trp-form-language\" value=\"en\"\/><\/form>\n<\/div>\n<\/div><\/div><\/div><\/div><\/section><section class=\"row-equal-height row-content-middle xs-display-none\"><div class=\"container\"><div class=\"row hcode-row-flex\"><div class=\"wpb_column hcode-column-container vc_col-sm-3 col-xs-mobile-fullwidth\" data-front-class=\"col-xs-mobile-fullwidth\"><div class=\"vc-column-innner-wrapper\">\n\t<div  class=\"wpb_single_image wpb_content_element vc_align_center\">\n\t\t\n\t\t<figure class=\"wpb_wrapper vc_figure\">\n\t\t\t<div class=\"vc_single_image-wrapper   vc_box_border_grey\"><img fetchpriority=\"high\" decoding=\"async\" class=\"vc_single_image-img\" src=\"https:\/\/synchronie.eu\/wp-content\/uploads\/2020\/12\/Logo_CBTI-BKVT-300x200.png\" width=\"300\" height=\"200\" alt=\"Chambre Belge des Traducteurs et Interpr\u00e8tes\" title=\"Logo_CBTI-BKVT\" \/><\/div>\n\t\t<\/figure>\n\t<\/div>\n<\/div><\/div><div class=\"wpb_column hcode-column-container vc_col-sm-3 col-xs-mobile-fullwidth\" data-front-class=\"col-xs-mobile-fullwidth\"><div class=\"vc-column-innner-wrapper\"><h3 style=\"margin-bottom: 25px; color: #065c66; font-size: 18px;\">Our services<\/h3>\n<ul style=\"list-style-type: none; font-size: 16px; padding: 0; margin: 15px 0;\">\n<li style=\"margin: 10px 0;\"><a href=\"https:\/\/synchronie.eu\/en\/translation\/\">Translation<\/a><\/li>\n<li style=\"margin: 10px 0;\"><a href=\"https:\/\/synchronie.eu\/en\/interpretation\/\">Interpretation<\/a><\/li>\n<li style=\"margin: 10px 0;\"><a href=\"https:\/\/synchronie.eu\/en\/editing-and-proofreading\/\">Editing and proofreading<\/a><\/li>\n<\/ul>\n<\/div><\/div><div class=\"wpb_column hcode-column-container vc_col-sm-3 col-xs-mobile-fullwidth\" data-front-class=\"col-xs-mobile-fullwidth\"><div class=\"vc-column-innner-wrapper\"><h3 style=\"margin-bottom: 25px; color: #065c66; font-size: 18px;\">Useful links<\/h3>\n<ul style=\"list-style-type: none; font-size: 16px; padding: 0; margin: 15px 0;\">\n<li style=\"margin: 10px 0;\"><a href=\"https:\/\/synchronie.eu\/en\/legal-notice\/\">Legal notice<\/a><\/li>\n<li style=\"margin: 10px 0;\"><a href=\"https:\/\/synchronie.eu\/en\/politique-de-confidentialite\/\">Privacy policy<\/a><\/li>\n<li style=\"margin: 10px 0;\"><a href=\"https:\/\/synchronie.eu\/en\/conditions-generales-de-vente\/\">General conditions of sale<\/a><\/li>\n<\/ul>\n<\/div><\/div><div class=\"wpb_column hcode-column-container vc_col-sm-3 col-xs-mobile-fullwidth\" data-front-class=\"col-xs-mobile-fullwidth\"><div class=\"vc-column-innner-wrapper\"><ul style=\"list-style-type: none;\">\n<li><a href=\"https:\/\/www.linkedin.com\/in\/anne-sophie-staquet\/\" target=\"_blank\" rel=\"noopener\"><i class=\"fab fa-linkedin-in\" style=\"color: #065c66; font-size: 32px\"><\/i><\/a><\/li>\n<p><\/br><\/p>\n<li><a href=\"https:\/\/www.facebook.com\/Synchronie\/\" target=\"_blank\" rel=\"noopener\"><i class=\"fab fa-facebook-f\" style=\"color: #065c66; font-size: 32px\"><\/i><\/a><\/li>\n<\/ul>\n<\/div><\/div><\/div><\/div><\/section><section class=\"display-none md-display-none sm-display-none xs-display-block\"><div class=\"container\"><div class=\"row\"><div class=\"wpb_column hcode-column-container vc_col-sm-3 col-xs-mobile-fullwidth\" data-front-class=\"col-xs-mobile-fullwidth\"><div class=\"vc-column-innner-wrapper\">\n\t<div  class=\"wpb_single_image wpb_content_element vc_align_left\">\n\t\t\n\t\t<figure class=\"wpb_wrapper vc_figure\">\n\t\t\t<div class=\"vc_single_image-wrapper   vc_box_border_grey\"><img decoding=\"async\" width=\"150\" height=\"150\" src=\"https:\/\/synchronie.eu\/wp-content\/uploads\/2020\/12\/Logo_CBTI-BKVT-150x150.png\" class=\"vc_single_image-img attachment-thumbnail\" alt=\"Chambre Belge des Traducteurs et Interpr\u00e8tes\" \/><\/div>\n\t\t<\/figure>\n\t<\/div>\n<\/div><\/div><div class=\"wpb_column hcode-column-container vc_col-sm-3 col-xs-mobile-fullwidth\" data-front-class=\"col-xs-mobile-fullwidth\"><div class=\"vc-column-innner-wrapper\"><h3 style=\"margin-bottom: 25px; color: #065c66; font-size: 18px;\">Our services<\/h3>\n<ul style=\"list-style-type: none; font-size: 16px; padding: 0; margin: 15px 0;\">\n<li style=\"margin: 10px 0;\"><a href=\"https:\/\/synchronie.eu\/en\/translation\/\">Translation<\/a><\/li>\n<li style=\"margin: 10px 0;\"><a href=\"https:\/\/synchronie.eu\/en\/interpretation\/\">Interpretation<\/a><\/li>\n<li style=\"margin: 10px 0;\"><a href=\"https:\/\/synchronie.eu\/en\/editing-and-proofreading\/\">Editing and proofreading<\/a><\/li>\n<\/ul>\n<\/div><\/div><div class=\"wpb_column hcode-column-container vc_col-sm-3 col-xs-mobile-fullwidth\" data-front-class=\"col-xs-mobile-fullwidth\"><div class=\"vc-column-innner-wrapper\"><h3 style=\"margin-bottom: 25px; color: #065c66; font-size: 18px;\">Useful links<\/h3>\n<ul style=\"list-style-type: none; font-size: 16px; padding: 0; margin: 15px 0;\">\n<li style=\"margin: 10px 0;\"><a href=\"https:\/\/synchronie.eu\/en\/legal-notice\/\">Legal notice<\/a><\/li>\n<li style=\"margin: 10px 0;\"><a href=\"https:\/\/synchronie.eu\/en\/politique-de-confidentialite\/\">Privacy policy<\/a><\/li>\n<li style=\"margin: 10px 0;\"><a href=\"https:\/\/synchronie.eu\/en\/conditions-generales-de-vente\/\">General conditions of sale<\/a><\/li>\n<\/ul>\n<\/div><\/div><div class=\"wpb_column hcode-column-container vc_col-sm-3 col-xs-mobile-fullwidth\" data-front-class=\"col-xs-mobile-fullwidth\"><div class=\"vc-column-innner-wrapper\"><ul style=\"list-style-type: none; padding:15px 0 ; display: flex; justify-content: flex-start; font-size: 32px;\">\n<li><a href=\"https:\/\/www.linkedin.com\/in\/anne-sophie-staquet\/\" target=\"_blank\" rel=\"noopener\"><i class=\"fab fa-linkedin-in\" style=\"color:#065c66;\"><\/i><a><\/li>\n<li><a href=\"https:\/\/www.facebook.com\/Synchronie\/\" target=\"_blank\" rel=\"noopener\"><i class=\"fab fa-facebook-f\" style=\"color:#065c66; margin: 0 20px;\"><\/i><a><\/li>\n<\/ul>\n<\/div><\/div><\/div><\/div><\/section>","protected":false},"excerpt":{"rendered":"<p>TraductionVotre message, pr\u00e9cis dans toutes les langues. Vous \u00eates-vous d\u00e9j\u00e0 demand\u00e9 comment reconna\u00eetre une bonne traduction ? C\u2019est tr\u00e8s simple : vous devez avoir l\u2019impression que le texte a \u00e9t\u00e9 r\u00e9dig\u00e9, \u00e0 l\u2019origine, dans la langue cible. Voici 3 qualit\u00e9s que le traducteur doit d\u00e8s lors poss\u00e9der : \u00catre un professionnel de la traduction. Cela [&hellip;]<\/p>","protected":false},"author":2,"featured_media":0,"parent":0,"menu_order":0,"comment_status":"closed","ping_status":"closed","template":"","meta":{"footnotes":""},"_links":{"self":[{"href":"https:\/\/synchronie.eu\/en\/wp-json\/wp\/v2\/pages\/19504"}],"collection":[{"href":"https:\/\/synchronie.eu\/en\/wp-json\/wp\/v2\/pages"}],"about":[{"href":"https:\/\/synchronie.eu\/en\/wp-json\/wp\/v2\/types\/page"}],"author":[{"embeddable":true,"href":"https:\/\/synchronie.eu\/en\/wp-json\/wp\/v2\/users\/2"}],"replies":[{"embeddable":true,"href":"https:\/\/synchronie.eu\/en\/wp-json\/wp\/v2\/comments?post=19504"}],"version-history":[{"count":0,"href":"https:\/\/synchronie.eu\/en\/wp-json\/wp\/v2\/pages\/19504\/revisions"}],"wp:attachment":[{"href":"https:\/\/synchronie.eu\/en\/wp-json\/wp\/v2\/media?parent=19504"}],"curies":[{"name":"wp","href":"https:\/\/api.w.org\/{rel}","templated":true}]}}