{"id":19492,"date":"2021-01-12T21:56:40","date_gmt":"2021-01-12T20:56:40","guid":{"rendered":"https:\/\/synchronie.eu\/?page_id=19492"},"modified":"2021-06-16T17:03:52","modified_gmt":"2021-06-16T15:03:52","slug":"interpretation","status":"publish","type":"page","link":"https:\/\/synchronie.eu\/nl\/tolken","title":{"rendered":"Tolken"},"content":{"rendered":"<section id=\"slider\" class=\"slider no-padding\" style=\"min-height:500px;\"><div class=\"wpb_column hcode-column-container  col-xs-mobile-fullwidth\" data-front-class=\"col-xs-mobile-fullwidth front-column-class\"><div class=\"vc-column-innner-wrapper\"><div id=\"hcode-owl-slider16\" class=\"owl-carousel owl-theme owl-half-slider owl-small-slider dot-pagination dark-pagination dark-navigation no-cursor  hcode-owl-slider16\"><div class=\"item owl-bg-img bg-image-srcset\" style=\"background-image:url(https:\/\/synchronie.eu\/wp-content\/uploads\/2021\/05\/20210407_083444.jpg)\" data-bg-srcset=\"https:\/\/synchronie.eu\/wp-content\/uploads\/2021\/05\/20210407_083444.jpg 3264w, https:\/\/synchronie.eu\/wp-content\/uploads\/2021\/05\/20210407_083444-300x135.jpg 300w, https:\/\/synchronie.eu\/wp-content\/uploads\/2021\/05\/20210407_083444-1024x462.jpg 1024w, https:\/\/synchronie.eu\/wp-content\/uploads\/2021\/05\/20210407_083444-768x346.jpg 768w, https:\/\/synchronie.eu\/wp-content\/uploads\/2021\/05\/20210407_083444-1536x693.jpg 1536w, https:\/\/synchronie.eu\/wp-content\/uploads\/2021\/05\/20210407_083444-2048x924.jpg 2048w, https:\/\/synchronie.eu\/wp-content\/uploads\/2021\/05\/20210407_083444-81x37.jpg 81w\"><div class=\"opacity-full bg-slider\"><\/div><div class=\"container position-relative\"><div class=\"slider-typography text-center\"><div class=\"slider-text-middle-main\"><div class=\"slider-text-middle padding-left-right-px animated fadeInUp\"><span class=\"owl-subtitle white-text\">Tolken<\/span><span class=\"owl-title white-text center-col\"><strong>Vloeiendheid en nauwkeurigheid in alle talen<\/strong><\/span><\/div><\/div><\/div><\/div><\/div><\/div>        <script type=\"text\/javascript\">jQuery(document).ready(function () { jQuery(\"#hcode-owl-slider16\").owlCarousel({ nav: false,dots: false,autoPlay: false, autoplayHoverPause: false, loop: false, items: 1,dotsSpeed: 400,navText: [\"<i class='fas fa-angle-left'><\/i>\", \"<i class='fas fa-angle-right'><\/i>\"] }); });<\/script>\n    \t<\/div><\/div><\/section><section class=\"padding-three sm-padding-three xs-padding-three wow fadeIn\"><div class=\"container\"><div class=\"row\"><div class=\"wpb_column hcode-column-container vc_col-sm-3 col-xs-mobile-fullwidth\" data-front-class=\"col-xs-mobile-fullwidth\"><div class=\"vc-column-innner-wrapper\"><\/div><\/div><div class=\"wpb_column hcode-column-container text-center sm-text-center xs-text-center vc_col-sm-6 col-xs-mobile-fullwidth\" data-front-class=\"text-center sm-text-center xs-text-center col-xs-mobile-fullwidth\"><div class=\"vc-column-innner-wrapper\"><p style=\"font-size: 18px; text-align: left;\" class=\" translation-block\">Kent u het verschil tussen <strong>vertalen<\/strong> en <strong>tolken<\/strong>?<\/p>\n<p style=\"font-size: 18px; text-align: left;\" class=\" translation-block\"><strong>Vertalen gebeurt schriftelijk<\/strong> en <strong>tolken gebeurt mondeling<\/strong>, zo simpel is het. Beide beroepen lijken misschien op elkaar, maar er zijn toch enkele grote verschillen. Uiteraard ligt de kennis van vreemde talen aan de basis van allebei. Waar de vertaler echter vaak enkele dagen de tijd heeft om zijn vertaling te verfijnen en alle nodige terminologie in zijn context op te zoeken om de originele tekst tot in de kleinste nuances weer te geven, krijgt de tolk slechts een paar seconden om de boodschap over te brengen. Een grote <strong>tegenwoordigheid van geest en stressbestendigheid<\/strong> zijn dan ook zijn of haar belangrijkste kwaliteiten.<\/p>\n<p style=\"font-size: 18px; text-align: left;\">Als u dus een ontmoeting hebt met mensen van wie u de taal niet spreekt, hebt u een tolk nodig. Dat treft, want tolken is de kernactiviteit van Synchronie!<\/p>\n<p style=\"font-size: 18px; text-align: left;\" class=\" translation-block\">Nu moeten we nog bepalen welke <strong>vorm van tolken<\/strong> het meest geschikt is voor uw evenement.<\/p>\n<p style=\"font-size: 18px; text-align: left;\">Of het nu gaat om simultaan tolken in de cabine tijdens een congres of om verbindingstolken in een kleine groep: wij hebben voor u de gepaste oplossing. Onze tolken beheersen hun werktalen en de tolkmethoden tot in de puntjes. Wij stellen u professionals ter beschikking die bedreven zijn in alle situaties.<\/p>\n<p><img fetchpriority=\"high\" decoding=\"async\" class=\"aligncenter wp-image-19651 size-large\" src=\"https:\/\/synchronie.eu\/wp-content\/uploads\/2021\/05\/Cabines-Lille-1024x768.jpg\" alt=\"\" width=\"1024\" height=\"768\" srcset=\"https:\/\/synchronie.eu\/wp-content\/uploads\/2021\/05\/Cabines-Lille-1024x768.jpg 1024w, https:\/\/synchronie.eu\/wp-content\/uploads\/2021\/05\/Cabines-Lille-300x225.jpg 300w, https:\/\/synchronie.eu\/wp-content\/uploads\/2021\/05\/Cabines-Lille-768x576.jpg 768w, https:\/\/synchronie.eu\/wp-content\/uploads\/2021\/05\/Cabines-Lille-81x61.jpg 81w, https:\/\/synchronie.eu\/wp-content\/uploads\/2021\/05\/Cabines-Lille.jpg 1440w\" sizes=\"(max-width: 1024px) 100vw, 1024px\" \/><\/p>\n<ul>\n<li style=\"list-style-type: none;\">\n<ul>\n<li id=\"seminaire\" style=\"font-size: 18px; text-align: left;\"><strong>Seminars en congressen<br \/>\n<\/strong>Voor uw conferenties, seminars en andere congressen is, <strong>simultaan tolken<\/strong> in geluiddichte cabines de beste oplossing. De tolken vertalen de interventies van de sprekers onmiddellijk en de deelnemers horen de vertaalde boodschap in hun taal via een ontvanger met koptelefoon. Omdat simultaantolken <strong>de grootste concentratie<\/strong>, vereist <strong>werken de tolken in team<\/strong>, ze wisselen elkaar af. De cabines zijn geluiddicht gemaakt. Dit betekent enerzijds dat u de tolken niet hoort als u de gesprekken in de originele taal wilt volgen en anderzijds dat de tolken een zuiver geluid horen, zonder storende omgevingsgeluiden. Dit komt hun concentratie ten goede en verbetert uiteindelijk hun prestatie. Maar, zult u zeggen, wat moet ik doen als er geen cabines zijn in de zaal waar de conferentie wordt gehouden? Geen paniek! U kunt verplaatsbare cabines van professionele kwaliteit huren. Wij bij Synchronie kunnen ook instaan voor het technische gedeelte dankzij onze samenwerking met erkende dienstverleners.<\/p>\n<ul>\n<li style=\"font-size: 18px;\">Voordeel: de besprekingen verlopen vlot door de rechtstreekse vertaling van de uitwisselingen en de onmiddellijke reacties. Dat is de meest volledige methode.<\/li>\n<\/ul>\n<\/li>\n<\/ul>\n<\/li>\n<\/ul>\n<p>&nbsp;<\/p>\n<ul>\n<li style=\"list-style-type: none;\">\n<ul>\n<li style=\"font-size: 18px; text-align: left;\"><strong>Vergaderingen op afstand of hybride vergaderingen<br \/>\n<\/strong>Dat is nu de trend! De coronacrisis heeft de ontwikkeling van onlinevergaderingen versneld. En iets zegt ons dat dit nog niet zo gauw zal veranderen. Bepaalde conferenties kunnen uiteraard niet digitaal worden gehouden en niets vervangt het netwerken bij een echte bijeenkomst, maar online-evenementen zijn gewoon praktisch voor korte vergaderingen. U bespaart tijd en energie omdat u zich niet moet verplaatsen. Het goede nieuws is dat ook de <strong><a href=\"#seminaire\">platformen voor simultaan tolken op afstand<\/a><\/strong> mee zijn ge\u00ebvolueerd. Met een paar technische ingrepen geniet u dus de voordelen van simultaan tolken vanuit uw kantoor. U kunt kiezen voor een vergadering die voor 100 % op afstand verloopt of voor een hybride versie (waarbij een aantal deelnemers aanwezig zijn terwijl anderen op afstand volgen). Wat u ook kiest, wij hebben de technische oplossing die past bij uw situatie.<\/p>\n<ul>\n<li style=\"font-size: 18px;\">Voordeel: een praktische en effici\u00ebnte oplossing voor korte vergaderingen, zonder verplaatsing en zonder installatie van materiaal, dankzij effici\u00ebnte platformen.<\/li>\n<\/ul>\n<\/li>\n<\/ul>\n<\/li>\n<\/ul>\n<p>&nbsp;<\/p>\n<ul>\n<li style=\"list-style-type: none;\">\n<ul>\n<li style=\"font-size: 18px; text-align: left;\"><strong>Bezoeken ter plaatse<br \/>\n<\/strong>Een bezoekersgroep begeleiden: wij doen niets liever! Enerzijds omdat dergelijke bezoeken altijd een gelegenheid zijn om bij te leren over interessante projecten en anderzijds omdat wij dan meer rechtstreeks contact hebben met de mensen die naar ons luisteren. <strong>Met onze draagbare microfoons en koptelefoons <\/strong>waarmee we <strong>simultaan kunnen tolken<\/strong>passen wij ons aan alle thema\u2019s en terreinen aan: een fabriek of een boerderij, in de stad, op het platteland, bij offici\u00eble vertegenwoordigingen of informele ontmoetingen. <strong>Wij gaan overal met u mee<\/strong> en gaan op in het decor, als echte kameleons!<\/p>\n<ul>\n<li style=\"font-size: 18px;\">Voordeel: licht en effici\u00ebnt materiaal waarmee alle deelnemers rechtstreeks kunnen luisteren naar de uitleg die tijdens het bezoek wordt gegeven.<\/li>\n<\/ul>\n<\/li>\n<\/ul>\n<\/li>\n<\/ul>\n<p>&nbsp;<\/p>\n<ul>\n<li style=\"list-style-type: none;\">\n<ul>\n<li style=\"font-size: 18px; text-align: left;\"><strong>Vergaderingen in beperkt gezelschap<br \/>\n<\/strong>Voor vergaderingen tussen enkele mensen die niet allemaal dezelfde taal spreken, is <strong>verbindingstolken<\/strong>het meest geschikt. De tolk verplaatst zich tussen de deelnemers en vertaalt de interventies \u00e9\u00e9n na \u00e9\u00e9n. Dat is de perfecte methode voor bijvoorbeeld commerci\u00eble onderhandelingen.<\/p>\n<ul>\n<li style=\"font-size: 18px;\">Voordeel: de tolk is een echte <strong>communicatietussenpersoon<\/strong> en kan u bijstaan met zijn of haar kennis van beide aanwezige culturen om uw boodschap zo goed mogelijk over te brengen.<\/li>\n<\/ul>\n<\/li>\n<\/ul>\n<\/li>\n<\/ul>\n<p><img decoding=\"async\" class=\"size-large wp-image-19678 aligncenter\" src=\"https:\/\/synchronie.eu\/wp-content\/uploads\/2021\/05\/20210407_083949-1-1024x462.jpg\" alt=\"\" width=\"1024\" height=\"462\" srcset=\"https:\/\/synchronie.eu\/wp-content\/uploads\/2021\/05\/20210407_083949-1-1024x462.jpg 1024w, https:\/\/synchronie.eu\/wp-content\/uploads\/2021\/05\/20210407_083949-1-300x135.jpg 300w, https:\/\/synchronie.eu\/wp-content\/uploads\/2021\/05\/20210407_083949-1-768x346.jpg 768w, https:\/\/synchronie.eu\/wp-content\/uploads\/2021\/05\/20210407_083949-1-1536x693.jpg 1536w, https:\/\/synchronie.eu\/wp-content\/uploads\/2021\/05\/20210407_083949-1-2048x924.jpg 2048w, https:\/\/synchronie.eu\/wp-content\/uploads\/2021\/05\/20210407_083949-1-81x37.jpg 81w\" sizes=\"(max-width: 1024px) 100vw, 1024px\" \/><\/p>\n<p style=\"font-size: 18px; text-align: left;\">Nu u weet welk type tolken u nodig hebt, rest u nog het belangrijkste deel: de organisatie! Ook hier kunt u op ons rekenen voor <strong>het volledige taalkundige en technische gedeelte<\/strong> :<\/p>\n<ul>\n<li style=\"list-style-type: none;\">\n<ul>\n<li style=\"font-size: 18px; text-align: left;\">selectie van de professionele tolken in de talencombinaties die u zoekt;<\/li>\n<\/ul>\n<\/li>\n<\/ul>\n<ul>\n<li style=\"list-style-type: none;\">\n<ul>\n<li style=\"font-size: 18px; text-align: left;\">huur van het vereiste materiaal voor het goede verloop van uw evenement;<\/li>\n<\/ul>\n<\/li>\n<\/ul>\n<ul>\n<li style=\"list-style-type: none;\">\n<ul>\n<li style=\"font-size: 18px; text-align: left;\">vertaling van de documenten van de bijeenkomst: van de uitnodiging tot de notulen van de vergadering, over de agenda, de presentaties of zelfs de website. <i>(tip: vergeet niet om de tolken voorbereidende documenten te geven, hun prestatie zal er alleen maar beter op worden!) ;<\/i><\/li>\n<\/ul>\n<\/li>\n<\/ul>\n<ul>\n<li style=\"list-style-type: none;\">\n<ul>\n<li style=\"font-size: 18px; text-align: left;\">beheer van het team en co\u00f6rdinatie tussen alle dienstverleners.<\/li>\n<\/ul>\n<\/li>\n<\/ul>\n<p>&nbsp;<\/p>\n<p style=\"font-size: 18px; text-align: left;\">En dit alles met <strong>\u00e9\u00e9n enkele contactpersoon<\/strong> die u graag bijstaat met advies zodat uw evenement een succes wordt. Vertrouw ons uw project toe, wij zorgen voor alles!<\/p>\n<\/div><\/div><div class=\"wpb_column hcode-column-container vc_col-sm-3 col-xs-mobile-fullwidth\" data-front-class=\"col-xs-mobile-fullwidth\"><div class=\"vc-column-innner-wrapper\"><\/div><\/div><\/div><\/div><\/section><section class=\"padding-five sm-padding-five xs-padding-five\"><div class=\"container\"><div class=\"row\"><div class=\"wpb_column hcode-column-container vc_col-sm-4 col-xs-mobile-fullwidth\" data-front-class=\"col-xs-mobile-fullwidth\"><div class=\"vc-column-innner-wrapper\"><div  class=\"col-md-12 no-padding\"><div class=\"col-md-3 col-sm-2 col-xs-2 no-padding\"><i class=\"fas fa-align-left large-icon\" style=\"color:#83ccb3;\"><\/i><\/div><div class=\"col-md-9 col-sm-9 col-xs-9 no-padding text-left f-right\"><h5 class=\"no-padding sm-no-padding xs-no-padding hcode-font-setting-69d25de71786b\">Consecutief tolken<\/h5><div class=\"separator-line bg-yellow no-margin-lr\" style=\"background:#83ccb3;\"><\/div><p style=\"font-size: 16px;\">De tolk neemt notities tijdens de interventie en geeft de boodschap vervolgens door in de andere taal.<\/p>\n<\/div><\/div><\/div><\/div><div class=\"wpb_column hcode-column-container vc_col-sm-4 col-xs-mobile-fullwidth\" data-front-class=\"col-xs-mobile-fullwidth\"><div class=\"vc-column-innner-wrapper\"><div  class=\"col-md-12 no-padding\"><div class=\"col-md-3 col-sm-2 col-xs-2 no-padding\"><i class=\"fas fa-retweet large-icon\" style=\"color:#83ccb3;\"><\/i><\/div><div class=\"col-md-9 col-sm-9 col-xs-9 no-padding text-left f-right\"><h5 class=\"no-padding sm-no-padding xs-no-padding hcode-font-setting-69d25de7179c7\">Simultaan tolken<\/h5><div class=\"separator-line bg-yellow no-margin-lr\" style=\"background:#83ccb3;\"><\/div><p style=\"font-size: 16px;\">De tolken vertalen de interventie terwijl de spreker spreekt, dit kan zowel persoonlijk als op afstand zijn.<\/p>\n<\/div><\/div><\/div><\/div><div class=\"wpb_column hcode-column-container vc_col-sm-4 col-xs-mobile-fullwidth\" data-front-class=\"col-xs-mobile-fullwidth\"><div class=\"vc-column-innner-wrapper\"><div  class=\"col-md-12 no-padding\"><div class=\"col-md-3 col-sm-2 col-xs-2 no-padding\"><i class=\"fas fa-users large-icon\" style=\"color:#83ccb3;\"><\/i><\/div><div class=\"col-md-9 col-sm-9 col-xs-9 no-padding text-left f-right\"><h5 class=\"no-padding sm-no-padding xs-no-padding hcode-font-setting-69d25de717a9f\">Verbindingstolken<\/h5><div class=\"separator-line bg-yellow no-margin-lr\" style=\"background:#83ccb3;\"><\/div><p style=\"font-size: 16px;\"><span style=\"font-weight: 400;\">De tolk vormt de communicatietussenpersoon en vertaalt de ene interventie na de andere.<\/span><\/p>\n<\/div><\/div><\/div><\/div><\/div><\/div><\/section><section><div class=\"container\"><div class=\"row\"><div class=\"wpb_column hcode-column-container vc_col-sm-3 col-xs-mobile-fullwidth\" data-front-class=\"col-xs-mobile-fullwidth\"><div class=\"vc-column-innner-wrapper\"><h2>Een vraag? Een offerte?<\/h2>\n<p>Wij antwoorden onmiddellijk.<\/p>\n<\/div><\/div><div class=\"wpb_column hcode-column-container full-screen vc_col-sm-9 col-xs-mobile-fullwidth\" data-front-class=\"full-screen col-xs-mobile-fullwidth\"><div class=\"vc-column-innner-wrapper\">\n<div class=\"wpcf7 no-js\" id=\"wpcf7-f19274-o1\" lang=\"fr-FR\" dir=\"ltr\">\n<div class=\"screen-reader-response\"><p role=\"status\" aria-live=\"polite\" aria-atomic=\"true\"><\/p> <ul><\/ul><\/div>\n<form action=\"\/nl\/wp-json\/wp\/v2\/pages\/19492#wpcf7-f19274-o1\" method=\"post\" class=\"wpcf7-form init\" aria-label=\"Formulaire de contact\" novalidate=\"novalidate\" data-status=\"init\" data-trp-original-action=\"\/nl\/wp-json\/wp\/v2\/pages\/19492#wpcf7-f19274-o1\">\n<div style=\"display: none;\">\n<input type=\"hidden\" name=\"_wpcf7\" value=\"19274\" \/>\n<input type=\"hidden\" name=\"_wpcf7_version\" value=\"5.8.4\" \/>\n<input type=\"hidden\" name=\"_wpcf7_locale\" value=\"fr_FR\" \/>\n<input type=\"hidden\" name=\"_wpcf7_unit_tag\" value=\"wpcf7-f19274-o1\" \/>\n<input type=\"hidden\" name=\"_wpcf7_container_post\" value=\"0\" \/>\n<input type=\"hidden\" name=\"_wpcf7_posted_data_hash\" value=\"\" \/>\n<input type=\"hidden\" name=\"_wpcf7_recaptcha_response\" value=\"\" \/>\n<\/div>\n<p><label style=\"font-size:16px\"> Votre nom et pr\u00e9nom (obligatoire)<br \/>\n<span class=\"wpcf7-form-control-wrap\" data-name=\"your-name\"><input size=\"40\" class=\"wpcf7-form-control wpcf7-text wpcf7-validates-as-required\" aria-required=\"true\" aria-invalid=\"false\" value=\"\" type=\"text\" name=\"your-name\" \/><\/span> <\/label>\n<\/p>\n<p><label style=\"font-size:16px\"> Votre adresse e-mail (obligatoire)<br \/>\n<span class=\"wpcf7-form-control-wrap\" data-name=\"your-email\"><input size=\"40\" class=\"wpcf7-form-control wpcf7-email wpcf7-validates-as-required wpcf7-text wpcf7-validates-as-email\" aria-required=\"true\" aria-invalid=\"false\" value=\"\" type=\"email\" name=\"your-email\" \/><\/span> <\/label>\n<\/p>\n<p><label style=\"font-size:16px\"> Uw telefoonnummer (verplicht)<br \/>\n<span class=\"wpcf7-form-control-wrap\" data-name=\"tel-225\"><input size=\"40\" class=\"wpcf7-form-control wpcf7-tel wpcf7-validates-as-required wpcf7-text wpcf7-validates-as-tel\" aria-required=\"true\" aria-invalid=\"false\" value=\"\" type=\"tel\" name=\"tel-225\" \/><\/span><\/label>\n<\/p>\n<p><label style=\"font-size:16px\"> Sujet de votre message (obligatoire)<br \/>\n<span class=\"wpcf7-form-control-wrap\" data-name=\"objet\"><input size=\"40\" class=\"wpcf7-form-control wpcf7-text wpcf7-validates-as-required\" aria-required=\"true\" aria-invalid=\"false\" value=\"\" type=\"text\" name=\"objet\" \/><\/span><\/label>\n<\/p>\n<p><label style=\"font-size:16px\"> Uw bericht<br \/>\n<span class=\"wpcf7-form-control-wrap\" data-name=\"your-message\"><textarea cols=\"40\" rows=\"10\" class=\"wpcf7-form-control wpcf7-textarea\" aria-invalid=\"false\" name=\"your-message\"><\/textarea><\/span> <\/label>\n<\/p>\n<p><input class=\"wpcf7-form-control wpcf7-submit has-spinner\" type=\"submit\" value=\"Sturen\" \/>\n<\/p><div class=\"wpcf7-response-output\" aria-hidden=\"true\"><\/div>\n<input type=\"hidden\" name=\"trp-form-language\" value=\"nl\"\/><\/form>\n<\/div>\n<\/div><\/div><\/div><\/div><\/section><section class=\"row-equal-height row-content-middle xs-display-none\"><div class=\"container\"><div class=\"row hcode-row-flex\"><div class=\"wpb_column hcode-column-container vc_col-sm-3 col-xs-mobile-fullwidth\" data-front-class=\"col-xs-mobile-fullwidth\"><div class=\"vc-column-innner-wrapper\">\n\t<div  class=\"wpb_single_image wpb_content_element vc_align_center\">\n\t\t\n\t\t<figure class=\"wpb_wrapper vc_figure\">\n\t\t\t<div class=\"vc_single_image-wrapper   vc_box_border_grey\"><img decoding=\"async\" class=\"vc_single_image-img\" src=\"https:\/\/synchronie.eu\/wp-content\/uploads\/2020\/12\/Logo_CBTI-BKVT-300x200.png\" width=\"300\" height=\"200\" alt=\"Chambre Belge des Traducteurs et Interpr\u00e8tes\" title=\"Logo_CBTI-BKVT\" \/><\/div>\n\t\t<\/figure>\n\t<\/div>\n<\/div><\/div><div class=\"wpb_column hcode-column-container vc_col-sm-3 col-xs-mobile-fullwidth\" data-front-class=\"col-xs-mobile-fullwidth\"><div class=\"vc-column-innner-wrapper\"><h3 style=\"margin-bottom: 25px; color: #065c66; font-size: 18px;\">Onze diensten<\/h3>\n<ul style=\"list-style-type: none; font-size: 16px; padding: 0; margin: 15px 0;\">\n<li style=\"margin: 10px 0;\"><a href=\"https:\/\/synchronie.eu\/nl\/vertalen\/\">Vertalen<\/a><\/li>\n<li style=\"margin: 10px 0;\"><a href=\"https:\/\/synchronie.eu\/nl\/tolken\/\">Tolken<\/a><\/li>\n<li style=\"margin: 10px 0;\"><a href=\"https:\/\/synchronie.eu\/nl\/reviseren-en-nalezen\/\">Reviseren en nalezen<\/a><\/li>\n<\/ul>\n<\/div><\/div><div class=\"wpb_column hcode-column-container vc_col-sm-3 col-xs-mobile-fullwidth\" data-front-class=\"col-xs-mobile-fullwidth\"><div class=\"vc-column-innner-wrapper\"><h3 style=\"margin-bottom: 25px; color: #065c66; font-size: 18px;\">Nuttige links<\/h3>\n<ul style=\"list-style-type: none; font-size: 16px; padding: 0; margin: 15px 0;\">\n<li style=\"margin: 10px 0;\"><a href=\"https:\/\/synchronie.eu\/nl\/mention-legales\/\">Wettelijke vermeldingen<\/a><\/li>\n<li style=\"margin: 10px 0;\"><a href=\"https:\/\/synchronie.eu\/nl\/politique-de-confidentialite\/\">Vertrouwelijkheidsbeleid<\/a><\/li>\n<li style=\"margin: 10px 0;\"><a href=\"https:\/\/synchronie.eu\/nl\/conditions-generales-de-vente\/\">Algemene voorwaarden<\/a><\/li>\n<\/ul>\n<\/div><\/div><div class=\"wpb_column hcode-column-container vc_col-sm-3 col-xs-mobile-fullwidth\" data-front-class=\"col-xs-mobile-fullwidth\"><div class=\"vc-column-innner-wrapper\"><ul style=\"list-style-type: none;\">\n<li><a href=\"https:\/\/www.linkedin.com\/in\/anne-sophie-staquet\/\" target=\"_blank\" rel=\"noopener\"><i class=\"fab fa-linkedin-in\" style=\"color: #065c66; font-size: 32px\"><\/i><\/a><\/li>\n<p><\/br><\/p>\n<li><a href=\"https:\/\/www.facebook.com\/Synchronie\/\" target=\"_blank\" rel=\"noopener\"><i class=\"fab fa-facebook-f\" style=\"color: #065c66; font-size: 32px\"><\/i><\/a><\/li>\n<\/ul>\n<\/div><\/div><\/div><\/div><\/section><section class=\"display-none md-display-none sm-display-none xs-display-block\"><div class=\"container\"><div class=\"row\"><div class=\"wpb_column hcode-column-container vc_col-sm-3 col-xs-mobile-fullwidth\" data-front-class=\"col-xs-mobile-fullwidth\"><div class=\"vc-column-innner-wrapper\">\n\t<div  class=\"wpb_single_image wpb_content_element vc_align_left\">\n\t\t\n\t\t<figure class=\"wpb_wrapper vc_figure\">\n\t\t\t<div class=\"vc_single_image-wrapper   vc_box_border_grey\"><img loading=\"lazy\" decoding=\"async\" width=\"150\" height=\"150\" src=\"https:\/\/synchronie.eu\/wp-content\/uploads\/2020\/12\/Logo_CBTI-BKVT-150x150.png\" class=\"vc_single_image-img attachment-thumbnail\" alt=\"Chambre Belge des Traducteurs et Interpr\u00e8tes\" \/><\/div>\n\t\t<\/figure>\n\t<\/div>\n<\/div><\/div><div class=\"wpb_column hcode-column-container vc_col-sm-3 col-xs-mobile-fullwidth\" data-front-class=\"col-xs-mobile-fullwidth\"><div class=\"vc-column-innner-wrapper\"><h3 style=\"margin-bottom: 25px; color: #065c66; font-size: 18px;\">Onze diensten<\/h3>\n<ul style=\"list-style-type: none; font-size: 16px; padding: 0; margin: 15px 0;\">\n<li style=\"margin: 10px 0;\"><a href=\"https:\/\/synchronie.eu\/nl\/vertalen\/\">Vertalen<\/a><\/li>\n<li style=\"margin: 10px 0;\"><a href=\"https:\/\/synchronie.eu\/nl\/tolken\/\">Tolken<\/a><\/li>\n<li style=\"margin: 10px 0;\"><a href=\"https:\/\/synchronie.eu\/nl\/reviseren-en-nalezen\/\">Reviseren en nalezen<\/a><\/li>\n<\/ul>\n<\/div><\/div><div class=\"wpb_column hcode-column-container vc_col-sm-3 col-xs-mobile-fullwidth\" data-front-class=\"col-xs-mobile-fullwidth\"><div class=\"vc-column-innner-wrapper\"><h3 style=\"margin-bottom: 25px; color: #065c66; font-size: 18px;\">Nuttige links<\/h3>\n<ul style=\"list-style-type: none; font-size: 16px; padding: 0; margin: 15px 0;\">\n<li style=\"margin: 10px 0;\"><a href=\"https:\/\/synchronie.eu\/nl\/mention-legales\/\">Wettelijke vermeldingen<\/a><\/li>\n<li style=\"margin: 10px 0;\"><a href=\"https:\/\/synchronie.eu\/nl\/politique-de-confidentialite\/\">Vertrouwelijkheidsbeleid<\/a><\/li>\n<li style=\"margin: 10px 0;\"><a href=\"https:\/\/synchronie.eu\/nl\/conditions-generales-de-vente\/\">Algemene voorwaarden<\/a><\/li>\n<\/ul>\n<\/div><\/div><div class=\"wpb_column hcode-column-container vc_col-sm-3 col-xs-mobile-fullwidth\" data-front-class=\"col-xs-mobile-fullwidth\"><div class=\"vc-column-innner-wrapper\"><ul style=\"list-style-type: none; padding:15px 0 ; display: flex; justify-content: flex-start; font-size: 32px;\">\n<li><a href=\"https:\/\/www.linkedin.com\/in\/anne-sophie-staquet\/\" target=\"_blank\" rel=\"noopener\"><i class=\"fab fa-linkedin-in\" style=\"color:#065c66;\"><\/i><a><\/li>\n<li><a href=\"https:\/\/www.facebook.com\/Synchronie\/\" target=\"_blank\" rel=\"noopener\"><i class=\"fab fa-facebook-f\" style=\"color:#065c66; margin: 0 20px;\"><\/i><a><\/li>\n<\/ul>\n<\/div><\/div><\/div><\/div><\/section>","protected":false},"excerpt":{"rendered":"<p>Interpr\u00e9tationFluidit\u00e9 et pr\u00e9cision, dans toutes les langues Connaissez-vous la diff\u00e9rence entre traduction et interpr\u00e9tation ? La traduction se rapporte \u00e0 l\u2019\u00e9crit et l\u2019interpr\u00e9tation \u00e0 l\u2019oral, tout simplement. S\u2019ils paraissent similaires, ces deux m\u00e9tiers sont pourtant bien diff\u00e9rents. Certes, la ma\u00eetrise de langues \u00e9trang\u00e8res en est la base, mais l\u00e0 o\u00f9 le traducteur a souvent quelques [&hellip;]<\/p>","protected":false},"author":2,"featured_media":19292,"parent":0,"menu_order":0,"comment_status":"closed","ping_status":"closed","template":"","meta":{"footnotes":""},"_links":{"self":[{"href":"https:\/\/synchronie.eu\/nl\/wp-json\/wp\/v2\/pages\/19492"}],"collection":[{"href":"https:\/\/synchronie.eu\/nl\/wp-json\/wp\/v2\/pages"}],"about":[{"href":"https:\/\/synchronie.eu\/nl\/wp-json\/wp\/v2\/types\/page"}],"author":[{"embeddable":true,"href":"https:\/\/synchronie.eu\/nl\/wp-json\/wp\/v2\/users\/2"}],"replies":[{"embeddable":true,"href":"https:\/\/synchronie.eu\/nl\/wp-json\/wp\/v2\/comments?post=19492"}],"version-history":[{"count":0,"href":"https:\/\/synchronie.eu\/nl\/wp-json\/wp\/v2\/pages\/19492\/revisions"}],"wp:featuredmedia":[{"embeddable":true,"href":"https:\/\/synchronie.eu\/nl\/wp-json\/wp\/v2\/media\/19292"}],"wp:attachment":[{"href":"https:\/\/synchronie.eu\/nl\/wp-json\/wp\/v2\/media?parent=19492"}],"curies":[{"name":"wp","href":"https:\/\/api.w.org\/{rel}","templated":true}]}}