{"id":19504,"date":"2021-01-14T14:28:30","date_gmt":"2021-01-14T13:28:30","guid":{"rendered":"https:\/\/synchronie.eu\/?page_id=19504"},"modified":"2021-08-27T18:13:19","modified_gmt":"2021-08-27T16:13:19","slug":"traduction","status":"publish","type":"page","link":"https:\/\/synchronie.eu\/nl\/vertalen","title":{"rendered":"Vertalen"},"content":{"rendered":"<section id=\"slider\" class=\"slider no-padding\" style=\"min-height:500px;\"><div class=\"wpb_column hcode-column-container  col-xs-mobile-fullwidth\" data-front-class=\"col-xs-mobile-fullwidth front-column-class\"><div class=\"vc-column-innner-wrapper\"><div id=\"hcode-owl-slider16\" class=\"owl-carousel owl-theme owl-half-slider owl-small-slider dot-pagination dark-pagination dark-navigation no-cursor  hcode-owl-slider16\"><div class=\"item owl-bg-img bg-image-srcset\" style=\"background-image:url(https:\/\/synchronie.eu\/wp-content\/uploads\/2019\/02\/03.jpg)\" data-bg-srcset=\"https:\/\/synchronie.eu\/wp-content\/uploads\/2019\/02\/03.jpg 1200w, https:\/\/synchronie.eu\/wp-content\/uploads\/2019\/02\/03-300x189.jpg 300w, https:\/\/synchronie.eu\/wp-content\/uploads\/2019\/02\/03-768x484.jpg 768w, https:\/\/synchronie.eu\/wp-content\/uploads\/2019\/02\/03-1024x645.jpg 1024w, https:\/\/synchronie.eu\/wp-content\/uploads\/2019\/02\/03-133x83.jpg 133w, https:\/\/synchronie.eu\/wp-content\/uploads\/2019\/02\/03-81x51.jpg 81w\"><div class=\"opacity-full bg-slider\"><\/div><div class=\"container position-relative\"><div class=\"slider-typography text-center\"><div class=\"slider-text-middle-main\"><div class=\"slider-text-middle padding-left-right-px animated fadeInUp\"><span class=\"owl-subtitle white-text\">Vertalen<\/span><span class=\"owl-title white-text center-col\"><strong>Uw bericht, precies in alle talen.<\/strong><\/span><\/div><\/div><\/div><\/div><\/div><\/div>        <script type=\"text\/javascript\">jQuery(document).ready(function () { jQuery(\"#hcode-owl-slider16\").owlCarousel({ nav: false,dots: false,autoPlay: false, autoplayHoverPause: false, loop: false, items: 1,dotsSpeed: 400,navText: [\"<i class='fas fa-angle-left'><\/i>\", \"<i class='fas fa-angle-right'><\/i>\"] }); });<\/script>\n    \t<\/div><\/div><\/section><section class=\"padding-three sm-padding-three xs-padding-three wow fadeIn\"><div class=\"container\"><div class=\"row\"><div class=\"wpb_column hcode-column-container vc_col-sm-3 col-xs-mobile-fullwidth\" data-front-class=\"col-xs-mobile-fullwidth\"><div class=\"vc-column-innner-wrapper\"><\/div><\/div><div class=\"wpb_column hcode-column-container text-center sm-text-center xs-text-center vc_col-sm-6 col-xs-mobile-fullwidth\" data-front-class=\"text-center sm-text-center xs-text-center col-xs-mobile-fullwidth\"><div class=\"vc-column-innner-wrapper\"><p style=\"text-align: left; font-size: 18px;\" class=\" translation-block\">Hebt u zich al eens afgevraagd hoe u een <strong>goede vertaling<\/strong> kunt herkennen?<\/p>\n<p style=\"text-align: left; font-size: 18px;\">Heel eenvoudig: u moet het gevoel hebben dat de tekst in de doeltaal is geschreven.<\/p>\n<p style=\"text-align: left; font-size: 18px;\">De <strong> 3 kwaliteiten <\/strong> waarover de vertaler moet beschikken, zijn dan ook:<\/p>\n<ul>\n<li style=\"list-style-type: none;\">\n<ul>\n<li style=\"text-align: left; font-size: 18px;\">Een <strong>professional<\/strong> in vertaling zijn. Dat lijkt vanzelfsprekend, en toch! Wie heeft nooit gehoord: \u201cmijn nichtje zal dat wel even doen, zij heeft twee maanden in Engeland gewoond\u201d. Ja, maar een taal spreken en vertalen, dat is niet hetzelfde! Vertalen is een <strong>vak<\/strong>, dat jaren <strong> studie <\/strong> en <strong>praktijk<\/strong>vergt, een <strong>leven lang leren<\/strong> en de <strong>beheersing van taal- en informaticatools<\/strong> van het hoogste niveau. Net als elk vak heeft ook vertalen een <strong>deontologische code<\/strong>, die met name het <strong>beroepsgeheim<\/strong>omvat. Zo bent u er zeker van dat uw documenten in alle <strong>vertrouwelijkheid<\/strong> zullen worden behandeld door competente en integere taalprofessionals.<\/li>\n<\/ul>\n<\/li>\n<\/ul>\n<p>&nbsp;<\/p>\n<ul>\n<li style=\"list-style-type: none;\">\n<ul>\n<li style=\"text-align: left; font-size: 18px;\">\u00catre <strong>Moedertaalspreker<\/strong> van de doeltaal zijn. Een vreemde taal kun je tot in de kleinste details bestuderen, maar onze <strong>moedertaal<\/strong> is en blijft de taal die we altijd het best zullen beheersen, waarin we ons het gemakkelijkst kunnen uitdrukken en waarvan we de fijnste <strong>subtiliteiten<\/strong>kennen. En dat is precies wat u nodig hebt om uw boodschap over te brengen met de nodige <strong>nauwkeurigheid,<\/strong> alsof ze was opgesteld in de taal van de vertaling.<\/li>\n<\/ul>\n<\/li>\n<\/ul>\n<p>&nbsp;<\/p>\n<ul>\n<li style=\"list-style-type: none;\">\n<ul>\n<li style=\"text-align: left; font-size: 18px;\">\u00catre <strong>Gespecialiseerd zijn in uw vakgebied,<\/strong> want je kunt alleen goed vertalen wat je begrijpt. Bedrijfscommunicatie; internationale, Europese, federale, regionale betrekkingen; juridische, politieke, economische, commerci\u00eble zaken; milieu en klimaat; gezondheid (medisch\/paramedisch); media, sociale netwerken en auteursrechten; lifestyle; ngo\u2019s en ontwikkelingssamenwerking: ziehier enkele van onze geliefkoosde thema\u2019s. Staat uw thema er niet bij? Stel toch maar uw vraag! Wij hebben een uitgebreid <strong>netwerk<\/strong> Wat uw vakgebied ook is, wij hebben zeker de <strong>professional<\/strong> die u nodig hebt.<\/li>\n<\/ul>\n<\/li>\n<\/ul>\n<p>&nbsp;<\/p>\n<p style=\"text-align: left; font-size: 18px;\">En is dat alles? Nee, natuurlijk niet! Een <strong>goede vertaling<\/strong> berust voor een groot deel op de keuze voor de goede vertaler. Het proces zelf kan worden opgesplitst in <strong>3 stappen<\/strong> :<\/p>\n<ol>\n<li style=\"list-style-type: none;\">\n<ol>\n<li style=\"text-align: left; font-size: 18px;\" class=\" translation-block\">Het <strong>nalezen van het brondocument<\/strong> door een taalkundige die over de drie hierboven genoemde kwaliteiten beschikt. Als de originele tekst van goede kwaliteit is, zal ook de vertaling van goede kwaliteit zijn. Zo lezen wij, als u ermee akkoord gaat uiteraard, uw brondocument na om er de minste <strong>zetfout<\/strong> uit te halen. Voor meer informatie over deze stap, klik <a href=\"https:\/\/synchronie.eu\/revision-et-relecture\" target=\"_self\">hier<\/a>.<\/li>\n<p>&nbsp;<\/p>\n<li style=\"text-align: left; font-size: 18px;\">De <strong style=\"font-size: 16px;\">vertaling<\/strong><span style=\"font-size: 16px;\"> zelf, door een <\/span><strong style=\"font-size: 16px;\">vertaler <\/strong><span style=\"font-size: 16px;\"> die over de drie bovengenoemde kwaliteiten beschikt: moedertaalspreker, expert in vertaling, gespecialiseerd in uw vakgebied. Wij vertalen dagelijks vanuit en naar de belangrijkste Europese talen (Frans, Nederlands, Engels, Duits, Spaans, Italiaans, Portugees, Deens\u2026) maar daag ons ook eens uit met een originele combinatie!<\/span><\/li>\n<p>&nbsp;<\/p>\n<li style=\"text-align: left; font-size: 18px;\">De <strong style=\"font-size: 16px;\">revisie van de vertaling<\/strong><span style=\"font-size: 16px;\"> door een tweede taalkundige die toeziet op de <\/span><strong style=\"font-size: 16px;\">vlotte stijl<\/strong><span style=\"font-size: 16px;\"> en de zetfouten en alle eventuele kleine foutjes eruit haalt. Omdat niemand perfect is maar uw communicaties wel onberispelijk moeten zijn, is deze tweede validatie van de tekst voor u een <\/span><strong style=\"font-size: 16px;\">kwaliteitsgarantie<\/strong><span style=\"font-size: 16px;\"> !<\/span><\/li>\n<\/ol>\n<\/li>\n<\/ol>\n<p>&nbsp;<\/p>\n<p style=\"text-align: left; font-size: 18px;\">Dit alles wordt vergemakkelijkt door het gebruik van <strong>informaticatools van het hoogste niveau<\/strong>. Het gaat niet om software voor automatische vertaling, maar om <strong>vertaalgeheugens<\/strong> waarin de vorige vertalingen worden opgeslagen, zodat ze opnieuw kunnen worden opgeroepen wanneer dezelfde stukken zin in een latere tekst terugkomen. Zo bent u zeker van een samenhangende stijl en terminologie in al uw documenten.<\/p>\n<p style=\"text-align: left; font-size: 18px;\" class=\" translation-block\">En als <strong>bonus<\/strong> is er maar <strong>\u00e9\u00e9n contactpersoon<\/strong> voor het beheer van uw project, van bij het eerste contact tot de dienst na verkoop. Zij kent uw dossier door en door en heeft jarenlange ervaring in de vertaalsector. Aarzel niet om ons uw project voor te leggen. Wij zullen het met plezier bespreken!<\/p>\n<\/div><\/div><div class=\"wpb_column hcode-column-container vc_col-sm-3 col-xs-mobile-fullwidth\" data-front-class=\"col-xs-mobile-fullwidth\"><div class=\"vc-column-innner-wrapper\"><\/div><\/div><\/div><\/div><\/section><section class=\"padding-five sm-padding-five xs-padding-five\"><div class=\"container\"><div class=\"row\"><div class=\"wpb_column hcode-column-container vc_col-sm-4 col-xs-mobile-fullwidth\" data-front-class=\"col-xs-mobile-fullwidth\"><div class=\"vc-column-innner-wrapper\"><div  class=\"col-md-12 no-padding\"><div class=\"col-md-3 col-sm-2 col-xs-2 no-padding\"><i class=\"fas fa-users large-icon\" style=\"color:#83ccb3;\"><\/i><\/div><div class=\"col-md-9 col-sm-9 col-xs-9 no-padding text-left f-right\"><h5 class=\"no-padding sm-no-padding xs-no-padding hcode-font-setting-69dffbf405577\">Ons team<\/h5><div class=\"separator-line bg-yellow no-margin-lr\" style=\"background:#83ccb3;\"><\/div><p style=\"font-size: 18px;\">Ervaren, professionele vertalers die uitsluitend naar hun moedertaal vertalen, die uw gegevens in alle vertrouwelijkheid behandelen.<\/p>\n<\/div><\/div><\/div><\/div><div class=\"wpb_column hcode-column-container vc_col-sm-4 col-xs-mobile-fullwidth\" data-front-class=\"col-xs-mobile-fullwidth\"><div class=\"vc-column-innner-wrapper\"><div  class=\"col-md-12 no-padding\"><div class=\"col-md-3 col-sm-2 col-xs-2 no-padding\"><i class=\"fas fa-cogs large-icon\" style=\"color:#83ccb3;\"><\/i><\/div><div class=\"col-md-9 col-sm-9 col-xs-9 no-padding text-left f-right\"><h5 class=\"no-padding sm-no-padding xs-no-padding hcode-font-setting-69dffbf405662\">Beheer van uw projecten<\/h5><div class=\"separator-line bg-yellow no-margin-lr\" style=\"background:#83ccb3;\"><\/div><p style=\"font-size: 18px;\">E\u00e9n enkele projectleider staat in voor de co\u00f6rdinatie van de verschillende betrokkenen, de naleving van de termijnen en, altijd, de vertrouwelijkheid van uw documenten.<\/p>\n<\/div><\/div><\/div><\/div><div class=\"wpb_column hcode-column-container vc_col-sm-4 col-xs-mobile-fullwidth\" data-front-class=\"col-xs-mobile-fullwidth\"><div class=\"vc-column-innner-wrapper\"><div  class=\"col-md-12 no-padding\"><div class=\"col-md-3 col-sm-2 col-xs-2 no-padding\"><i class=\"fas fa-wrench large-icon\" style=\"color:#83ccb3;\"><\/i><\/div><div class=\"col-md-9 col-sm-9 col-xs-9 no-padding text-left f-right\"><h5 class=\"no-padding sm-no-padding xs-no-padding hcode-font-setting-69dffbf40570e\">Onze tools<\/h5><div class=\"separator-line bg-yellow no-margin-lr\" style=\"background:#83ccb3;\"><\/div><p style=\"font-size: 18px\" class=\" translation-block\">Wij gebruiken hoogstaande vertaalsoftware, zodat al uw teksten met dezelfde terminologie en in dezelfde stijl zijn geschreven.<\/p>\n<\/div><\/div><\/div><\/div><\/div><\/div><\/section><section><div class=\"container\"><div class=\"row\"><div class=\"wpb_column hcode-column-container vc_col-sm-3 col-xs-mobile-fullwidth\" data-front-class=\"col-xs-mobile-fullwidth\"><div class=\"vc-column-innner-wrapper\"><h2>Een vraag? Een offerte?<\/h2>\n<p>Wij antwoorden onmiddellijk.<\/p>\n<\/div><\/div><div class=\"wpb_column hcode-column-container full-screen vc_col-sm-9 col-xs-mobile-fullwidth\" data-front-class=\"full-screen col-xs-mobile-fullwidth\"><div class=\"vc-column-innner-wrapper\">\n<div class=\"wpcf7 no-js\" id=\"wpcf7-f19274-o1\" lang=\"fr-FR\" dir=\"ltr\">\n<div class=\"screen-reader-response\"><p role=\"status\" aria-live=\"polite\" aria-atomic=\"true\"><\/p> <ul><\/ul><\/div>\n<form action=\"\/nl\/wp-json\/wp\/v2\/pages\/19504#wpcf7-f19274-o1\" method=\"post\" class=\"wpcf7-form init\" aria-label=\"Formulaire de contact\" novalidate=\"novalidate\" data-status=\"init\" data-trp-original-action=\"\/nl\/wp-json\/wp\/v2\/pages\/19504#wpcf7-f19274-o1\">\n<div style=\"display: none;\">\n<input type=\"hidden\" name=\"_wpcf7\" value=\"19274\" \/>\n<input type=\"hidden\" name=\"_wpcf7_version\" value=\"5.8.4\" \/>\n<input type=\"hidden\" name=\"_wpcf7_locale\" value=\"fr_FR\" \/>\n<input type=\"hidden\" name=\"_wpcf7_unit_tag\" value=\"wpcf7-f19274-o1\" \/>\n<input type=\"hidden\" name=\"_wpcf7_container_post\" value=\"0\" \/>\n<input type=\"hidden\" name=\"_wpcf7_posted_data_hash\" value=\"\" \/>\n<input type=\"hidden\" name=\"_wpcf7_recaptcha_response\" value=\"\" \/>\n<\/div>\n<p><label style=\"font-size:16px\"> Votre nom et pr\u00e9nom (obligatoire)<br \/>\n<span class=\"wpcf7-form-control-wrap\" data-name=\"your-name\"><input size=\"40\" class=\"wpcf7-form-control wpcf7-text wpcf7-validates-as-required\" aria-required=\"true\" aria-invalid=\"false\" value=\"\" type=\"text\" name=\"your-name\" \/><\/span> <\/label>\n<\/p>\n<p><label style=\"font-size:16px\"> Votre adresse e-mail (obligatoire)<br \/>\n<span class=\"wpcf7-form-control-wrap\" data-name=\"your-email\"><input size=\"40\" class=\"wpcf7-form-control wpcf7-email wpcf7-validates-as-required wpcf7-text wpcf7-validates-as-email\" aria-required=\"true\" aria-invalid=\"false\" value=\"\" type=\"email\" name=\"your-email\" \/><\/span> <\/label>\n<\/p>\n<p><label style=\"font-size:16px\"> Uw telefoonnummer (verplicht)<br \/>\n<span class=\"wpcf7-form-control-wrap\" data-name=\"tel-225\"><input size=\"40\" class=\"wpcf7-form-control wpcf7-tel wpcf7-validates-as-required wpcf7-text wpcf7-validates-as-tel\" aria-required=\"true\" aria-invalid=\"false\" value=\"\" type=\"tel\" name=\"tel-225\" \/><\/span><\/label>\n<\/p>\n<p><label style=\"font-size:16px\"> Sujet de votre message (obligatoire)<br \/>\n<span class=\"wpcf7-form-control-wrap\" data-name=\"objet\"><input size=\"40\" class=\"wpcf7-form-control wpcf7-text wpcf7-validates-as-required\" aria-required=\"true\" aria-invalid=\"false\" value=\"\" type=\"text\" name=\"objet\" \/><\/span><\/label>\n<\/p>\n<p><label style=\"font-size:16px\"> Uw bericht<br \/>\n<span class=\"wpcf7-form-control-wrap\" data-name=\"your-message\"><textarea cols=\"40\" rows=\"10\" class=\"wpcf7-form-control wpcf7-textarea\" aria-invalid=\"false\" name=\"your-message\"><\/textarea><\/span> <\/label>\n<\/p>\n<p><input class=\"wpcf7-form-control wpcf7-submit has-spinner\" type=\"submit\" value=\"Sturen\" \/>\n<\/p><div class=\"wpcf7-response-output\" aria-hidden=\"true\"><\/div>\n<input type=\"hidden\" name=\"trp-form-language\" value=\"nl\"\/><\/form>\n<\/div>\n<\/div><\/div><\/div><\/div><\/section><section class=\"row-equal-height row-content-middle xs-display-none\"><div class=\"container\"><div class=\"row hcode-row-flex\"><div class=\"wpb_column hcode-column-container vc_col-sm-3 col-xs-mobile-fullwidth\" data-front-class=\"col-xs-mobile-fullwidth\"><div class=\"vc-column-innner-wrapper\">\n\t<div  class=\"wpb_single_image wpb_content_element vc_align_center\">\n\t\t\n\t\t<figure class=\"wpb_wrapper vc_figure\">\n\t\t\t<div class=\"vc_single_image-wrapper   vc_box_border_grey\"><img fetchpriority=\"high\" decoding=\"async\" class=\"vc_single_image-img\" src=\"https:\/\/synchronie.eu\/wp-content\/uploads\/2020\/12\/Logo_CBTI-BKVT-300x200.png\" width=\"300\" height=\"200\" alt=\"Chambre Belge des Traducteurs et Interpr\u00e8tes\" title=\"Logo_CBTI-BKVT\" \/><\/div>\n\t\t<\/figure>\n\t<\/div>\n<\/div><\/div><div class=\"wpb_column hcode-column-container vc_col-sm-3 col-xs-mobile-fullwidth\" data-front-class=\"col-xs-mobile-fullwidth\"><div class=\"vc-column-innner-wrapper\"><h3 style=\"margin-bottom: 25px; color: #065c66; font-size: 18px;\">Onze diensten<\/h3>\n<ul style=\"list-style-type: none; font-size: 16px; padding: 0; margin: 15px 0;\">\n<li style=\"margin: 10px 0;\"><a href=\"https:\/\/synchronie.eu\/nl\/vertalen\/\">Vertalen<\/a><\/li>\n<li style=\"margin: 10px 0;\"><a href=\"https:\/\/synchronie.eu\/nl\/tolken\/\">Tolken<\/a><\/li>\n<li style=\"margin: 10px 0;\"><a href=\"https:\/\/synchronie.eu\/nl\/reviseren-en-nalezen\/\">Reviseren en nalezen<\/a><\/li>\n<\/ul>\n<\/div><\/div><div class=\"wpb_column hcode-column-container vc_col-sm-3 col-xs-mobile-fullwidth\" data-front-class=\"col-xs-mobile-fullwidth\"><div class=\"vc-column-innner-wrapper\"><h3 style=\"margin-bottom: 25px; color: #065c66; font-size: 18px;\">Nuttige links<\/h3>\n<ul style=\"list-style-type: none; font-size: 16px; padding: 0; margin: 15px 0;\">\n<li style=\"margin: 10px 0;\"><a href=\"https:\/\/synchronie.eu\/nl\/mention-legales\/\">Wettelijke vermeldingen<\/a><\/li>\n<li style=\"margin: 10px 0;\"><a href=\"https:\/\/synchronie.eu\/nl\/politique-de-confidentialite\/\">Vertrouwelijkheidsbeleid<\/a><\/li>\n<li style=\"margin: 10px 0;\"><a href=\"https:\/\/synchronie.eu\/nl\/conditions-generales-de-vente\/\">Algemene voorwaarden<\/a><\/li>\n<\/ul>\n<\/div><\/div><div class=\"wpb_column hcode-column-container vc_col-sm-3 col-xs-mobile-fullwidth\" data-front-class=\"col-xs-mobile-fullwidth\"><div class=\"vc-column-innner-wrapper\"><ul style=\"list-style-type: none;\">\n<li><a href=\"https:\/\/www.linkedin.com\/in\/anne-sophie-staquet\/\" target=\"_blank\" rel=\"noopener\"><i class=\"fab fa-linkedin-in\" style=\"color: #065c66; font-size: 32px\"><\/i><\/a><\/li>\n<p><\/br><\/p>\n<li><a href=\"https:\/\/www.facebook.com\/Synchronie\/\" target=\"_blank\" rel=\"noopener\"><i class=\"fab fa-facebook-f\" style=\"color: #065c66; font-size: 32px\"><\/i><\/a><\/li>\n<\/ul>\n<\/div><\/div><\/div><\/div><\/section><section class=\"display-none md-display-none sm-display-none xs-display-block\"><div class=\"container\"><div class=\"row\"><div class=\"wpb_column hcode-column-container vc_col-sm-3 col-xs-mobile-fullwidth\" data-front-class=\"col-xs-mobile-fullwidth\"><div class=\"vc-column-innner-wrapper\">\n\t<div  class=\"wpb_single_image wpb_content_element vc_align_left\">\n\t\t\n\t\t<figure class=\"wpb_wrapper vc_figure\">\n\t\t\t<div class=\"vc_single_image-wrapper   vc_box_border_grey\"><img decoding=\"async\" width=\"150\" height=\"150\" src=\"https:\/\/synchronie.eu\/wp-content\/uploads\/2020\/12\/Logo_CBTI-BKVT-150x150.png\" class=\"vc_single_image-img attachment-thumbnail\" alt=\"Chambre Belge des Traducteurs et Interpr\u00e8tes\" \/><\/div>\n\t\t<\/figure>\n\t<\/div>\n<\/div><\/div><div class=\"wpb_column hcode-column-container vc_col-sm-3 col-xs-mobile-fullwidth\" data-front-class=\"col-xs-mobile-fullwidth\"><div class=\"vc-column-innner-wrapper\"><h3 style=\"margin-bottom: 25px; color: #065c66; font-size: 18px;\">Onze diensten<\/h3>\n<ul style=\"list-style-type: none; font-size: 16px; padding: 0; margin: 15px 0;\">\n<li style=\"margin: 10px 0;\"><a href=\"https:\/\/synchronie.eu\/nl\/vertalen\/\">Vertalen<\/a><\/li>\n<li style=\"margin: 10px 0;\"><a href=\"https:\/\/synchronie.eu\/nl\/tolken\/\">Tolken<\/a><\/li>\n<li style=\"margin: 10px 0;\"><a href=\"https:\/\/synchronie.eu\/nl\/reviseren-en-nalezen\/\">Reviseren en nalezen<\/a><\/li>\n<\/ul>\n<\/div><\/div><div class=\"wpb_column hcode-column-container vc_col-sm-3 col-xs-mobile-fullwidth\" data-front-class=\"col-xs-mobile-fullwidth\"><div class=\"vc-column-innner-wrapper\"><h3 style=\"margin-bottom: 25px; color: #065c66; font-size: 18px;\">Nuttige links<\/h3>\n<ul style=\"list-style-type: none; font-size: 16px; padding: 0; margin: 15px 0;\">\n<li style=\"margin: 10px 0;\"><a href=\"https:\/\/synchronie.eu\/nl\/mention-legales\/\">Wettelijke vermeldingen<\/a><\/li>\n<li style=\"margin: 10px 0;\"><a href=\"https:\/\/synchronie.eu\/nl\/politique-de-confidentialite\/\">Vertrouwelijkheidsbeleid<\/a><\/li>\n<li style=\"margin: 10px 0;\"><a href=\"https:\/\/synchronie.eu\/nl\/conditions-generales-de-vente\/\">Algemene voorwaarden<\/a><\/li>\n<\/ul>\n<\/div><\/div><div class=\"wpb_column hcode-column-container vc_col-sm-3 col-xs-mobile-fullwidth\" data-front-class=\"col-xs-mobile-fullwidth\"><div class=\"vc-column-innner-wrapper\"><ul style=\"list-style-type: none; padding:15px 0 ; display: flex; justify-content: flex-start; font-size: 32px;\">\n<li><a href=\"https:\/\/www.linkedin.com\/in\/anne-sophie-staquet\/\" target=\"_blank\" rel=\"noopener\"><i class=\"fab fa-linkedin-in\" style=\"color:#065c66;\"><\/i><a><\/li>\n<li><a href=\"https:\/\/www.facebook.com\/Synchronie\/\" target=\"_blank\" rel=\"noopener\"><i class=\"fab fa-facebook-f\" style=\"color:#065c66; margin: 0 20px;\"><\/i><a><\/li>\n<\/ul>\n<\/div><\/div><\/div><\/div><\/section>","protected":false},"excerpt":{"rendered":"<p>TraductionVotre message, pr\u00e9cis dans toutes les langues. Vous \u00eates-vous d\u00e9j\u00e0 demand\u00e9 comment reconna\u00eetre une bonne traduction ? C\u2019est tr\u00e8s simple : vous devez avoir l\u2019impression que le texte a \u00e9t\u00e9 r\u00e9dig\u00e9, \u00e0 l\u2019origine, dans la langue cible. Voici 3 qualit\u00e9s que le traducteur doit d\u00e8s lors poss\u00e9der : \u00catre un professionnel de la traduction. Cela [&hellip;]<\/p>","protected":false},"author":2,"featured_media":0,"parent":0,"menu_order":0,"comment_status":"closed","ping_status":"closed","template":"","meta":{"footnotes":""},"_links":{"self":[{"href":"https:\/\/synchronie.eu\/nl\/wp-json\/wp\/v2\/pages\/19504"}],"collection":[{"href":"https:\/\/synchronie.eu\/nl\/wp-json\/wp\/v2\/pages"}],"about":[{"href":"https:\/\/synchronie.eu\/nl\/wp-json\/wp\/v2\/types\/page"}],"author":[{"embeddable":true,"href":"https:\/\/synchronie.eu\/nl\/wp-json\/wp\/v2\/users\/2"}],"replies":[{"embeddable":true,"href":"https:\/\/synchronie.eu\/nl\/wp-json\/wp\/v2\/comments?post=19504"}],"version-history":[{"count":0,"href":"https:\/\/synchronie.eu\/nl\/wp-json\/wp\/v2\/pages\/19504\/revisions"}],"wp:attachment":[{"href":"https:\/\/synchronie.eu\/nl\/wp-json\/wp\/v2\/media?parent=19504"}],"curies":[{"name":"wp","href":"https:\/\/api.w.org\/{rel}","templated":true}]}}